{"id":1796,"date":"2023-05-29T07:05:47","date_gmt":"2023-05-29T07:05:47","guid":{"rendered":"https:\/\/www.plankboo.com\/?page_id=1796"},"modified":"2023-07-28T09:55:04","modified_gmt":"2023-07-28T09:55:04","slug":"blog","status":"publish","type":"page","link":"https:\/\/www.plankboo.com\/da\/blog\/","title":{"rendered":"Blog"},"content":{"rendered":"<div data-elementor-type=\"wp-page\" data-elementor-id=\"1796\" class=\"elementor elementor-1796\" data-elementor-post-type=\"page\">\n\t\t\t\t\t\t<section class=\"elementor-section elementor-top-section elementor-element elementor-element-4e66e3c elementor-section-boxed elementor-section-height-default elementor-section-height-default\" data-id=\"4e66e3c\" data-element_type=\"section\" data-e-type=\"section\">\n\t\t\t\t\t\t<div class=\"elementor-container elementor-column-gap-default\">\n\t\t\t\t\t<div class=\"elementor-column elementor-col-66 elementor-top-column elementor-element elementor-element-957d99c\" data-id=\"957d99c\" data-element_type=\"column\" data-e-type=\"column\">\n\t\t\t<div class=\"elementor-widget-wrap elementor-element-populated\">\n\t\t\t\t\t\t<div class=\"elementor-element elementor-element-6036e69 elementor-grid-1 elementor-posts--thumbnail-left elementor-grid-tablet-2 elementor-grid-mobile-1 elementor-widget elementor-widget-posts\" data-id=\"6036e69\" data-element_type=\"widget\" data-e-type=\"widget\" data-settings=\"{&quot;classic_columns&quot;:&quot;1&quot;,&quot;classic_columns_tablet&quot;:&quot;2&quot;,&quot;classic_columns_mobile&quot;:&quot;1&quot;,&quot;classic_row_gap&quot;:{&quot;unit&quot;:&quot;px&quot;,&quot;size&quot;:35,&quot;sizes&quot;:[]},&quot;classic_row_gap_tablet&quot;:{&quot;unit&quot;:&quot;px&quot;,&quot;size&quot;:&quot;&quot;,&quot;sizes&quot;:[]},&quot;classic_row_gap_mobile&quot;:{&quot;unit&quot;:&quot;px&quot;,&quot;size&quot;:&quot;&quot;,&quot;sizes&quot;:[]}}\" data-widget_type=\"posts.classic\">\n\t\t\t\t<div class=\"elementor-widget-container\">\n\t\t\t\t\t\t\t<div class=\"elementor-posts-container elementor-posts elementor-posts--skin-classic elementor-grid\" role=\"list\">\n\t\t\t\t<article class=\"elementor-post elementor-grid-item post-2326 post type-post status-publish format-standard has-post-thumbnail hentry category-products\" role=\"listitem\">\n\t\t\t\t<a class=\"elementor-post__thumbnail__link\" href=\"https:\/\/www.plankboo.com\/da\/2025\/03\/14\/the-advantages-of-bamboo-truck-trailer-decking\/\" tabindex=\"-1\" >\n\t\t\t<div class=\"elementor-post__thumbnail\"><img fetchpriority=\"high\" decoding=\"async\" width=\"300\" height=\"200\" src=\"https:\/\/www.plankboo.com\/wp-content\/uploads\/2025\/03\/The-Advantages-of-Bamboo-Truck-Trailer-Decking-cover-300x200.jpg\" class=\"attachment-medium size-medium wp-image-2333\" alt=\"\" srcset=\"https:\/\/www.plankboo.com\/wp-content\/uploads\/2025\/03\/The-Advantages-of-Bamboo-Truck-Trailer-Decking-cover-300x200.jpg 300w, https:\/\/www.plankboo.com\/wp-content\/uploads\/2025\/03\/The-Advantages-of-Bamboo-Truck-Trailer-Decking-cover-18x12.jpg 18w, https:\/\/www.plankboo.com\/wp-content\/uploads\/2025\/03\/The-Advantages-of-Bamboo-Truck-Trailer-Decking-cover.jpg 600w\" sizes=\"(max-width: 300px) 100vw, 300px\" \/><\/div>\n\t\t<\/a>\n\t\t\t\t<div class=\"elementor-post__text\">\n\t\t\t\t<h3 class=\"elementor-post__title\">\n\t\t\t<a href=\"https:\/\/www.plankboo.com\/da\/2025\/03\/14\/the-advantages-of-bamboo-truck-trailer-decking\/\" >\n\t\t\t\tFordelene ved Bamboo Truck Trailer Decking\t\t\t<\/a>\n\t\t<\/h3>\n\t\t\t\t<div class=\"elementor-post__meta-data\">\n\t\t\t\t\t<span class=\"elementor-post-date\">\n\t\t\t14. marts 2025\t\t<\/span>\n\t\t\t\t<\/div>\n\t\t\t\t<div class=\"elementor-post__excerpt\">\n\t\t\t<p>Fordelene ved Bamboo Truck Trailer Decking N\u00e5r det kommer til lastbilgulve, bruger vi typisk tykt r\u00f8dt h\u00e5rdttr\u00e6 Apitong\/Keruing, som har en densitet p\u00e5 745 kg\/m\u00b3 og en Janka-h\u00e5rdhed p\u00e5 omkring 1.390 lbf. Men mange arter af Dipterocarpus,<\/p>\n\t\t<\/div>\n\t\t\n\t\t<a class=\"elementor-post__read-more\" href=\"https:\/\/www.plankboo.com\/da\/2025\/03\/14\/the-advantages-of-bamboo-truck-trailer-decking\/\" aria-label=\"L\u00e6s mere om Fordelene ved Bamboo Truck Trailer Decking\" tabindex=\"-1\" >\n\t\t\tL\u00e6s mere &quot;\t\t<\/a>\n\n\t\t\t\t<\/div>\n\t\t\t\t<\/article>\n\t\t\t\t<article class=\"elementor-post elementor-grid-item post-2213 post type-post status-publish format-standard has-post-thumbnail hentry category-products\" role=\"listitem\">\n\t\t\t\t<a class=\"elementor-post__thumbnail__link\" href=\"https:\/\/www.plankboo.com\/da\/2024\/09\/02\/__trashed\/\" tabindex=\"-1\" >\n\t\t\t<div class=\"elementor-post__thumbnail\"><img decoding=\"async\" width=\"300\" height=\"200\" src=\"https:\/\/www.plankboo.com\/wp-content\/uploads\/2023\/11\/foldable_bamboo_lagun_tabletops_for_vans_rvs_cover-300x200.jpg\" class=\"attachment-medium size-medium wp-image-2212\" alt=\"\" srcset=\"https:\/\/www.plankboo.com\/wp-content\/uploads\/2023\/11\/foldable_bamboo_lagun_tabletops_for_vans_rvs_cover-300x200.jpg 300w, https:\/\/www.plankboo.com\/wp-content\/uploads\/2023\/11\/foldable_bamboo_lagun_tabletops_for_vans_rvs_cover-18x12.jpg 18w, https:\/\/www.plankboo.com\/wp-content\/uploads\/2023\/11\/foldable_bamboo_lagun_tabletops_for_vans_rvs_cover.jpg 600w\" sizes=\"(max-width: 300px) 100vw, 300px\" \/><\/div>\n\t\t<\/a>\n\t\t\t\t<div class=\"elementor-post__text\">\n\t\t\t\t<h3 class=\"elementor-post__title\">\n\t\t\t<a href=\"https:\/\/www.plankboo.com\/da\/2024\/09\/02\/__trashed\/\" >\n\t\t\t\tFoldbare Bamboo Lagun-bordplader til varebiler og autocampere\t\t\t<\/a>\n\t\t<\/h3>\n\t\t\t\t<div class=\"elementor-post__meta-data\">\n\t\t\t\t\t<span class=\"elementor-post-date\">\n\t\t\t2. september 2024\t\t<\/span>\n\t\t\t\t<\/div>\n\t\t\t\t<div class=\"elementor-post__excerpt\">\n\t\t\t<p>Foldbare Bamboo Lagun-bordplader til RVS &amp; Van Bamboo-paneler er nu meget og popul\u00e6rt brugt til varevognskonvertering som et b\u00e6redygtigt materialealternativ til tr\u00e6. Bambus er naturligt antibakterielt og vandt\u00e6t, hvilket g\u00f8r bambusm\u00f8bler velegnede til campingvogne.<\/p>\n\t\t<\/div>\n\t\t\n\t\t<a class=\"elementor-post__read-more\" href=\"https:\/\/www.plankboo.com\/da\/2024\/09\/02\/__trashed\/\" aria-label=\"L\u00e6s mere om Folding Bamboo Lagun Bordplader Til Vans &amp; Rvs\" tabindex=\"-1\" >\n\t\t\tL\u00e6s mere &quot;\t\t<\/a>\n\n\t\t\t\t<\/div>\n\t\t\t\t<\/article>\n\t\t\t\t<article class=\"elementor-post elementor-grid-item post-1922 post type-post status-publish format-standard has-post-thumbnail hentry category-products\" role=\"listitem\">\n\t\t\t\t<a class=\"elementor-post__thumbnail__link\" href=\"https:\/\/www.plankboo.com\/da\/2023\/11\/21\/newly-launched-high-density-bamboo-veneer-sheets\/\" tabindex=\"-1\" >\n\t\t\t<div class=\"elementor-post__thumbnail\"><img decoding=\"async\" width=\"300\" height=\"200\" src=\"https:\/\/www.plankboo.com\/wp-content\/uploads\/2023\/11\/newly_launched_high_density_bamboo_veneer_sheets_cover-300x200.jpg\" class=\"attachment-medium size-medium wp-image-1960\" alt=\"\" srcset=\"https:\/\/www.plankboo.com\/wp-content\/uploads\/2023\/11\/newly_launched_high_density_bamboo_veneer_sheets_cover-300x200.jpg 300w, https:\/\/www.plankboo.com\/wp-content\/uploads\/2023\/11\/newly_launched_high_density_bamboo_veneer_sheets_cover-18x12.jpg 18w, https:\/\/www.plankboo.com\/wp-content\/uploads\/2023\/11\/newly_launched_high_density_bamboo_veneer_sheets_cover.jpg 600w\" sizes=\"(max-width: 300px) 100vw, 300px\" \/><\/div>\n\t\t<\/a>\n\t\t\t\t<div class=\"elementor-post__text\">\n\t\t\t\t<h3 class=\"elementor-post__title\">\n\t\t\t<a href=\"https:\/\/www.plankboo.com\/da\/2023\/11\/21\/newly-launched-high-density-bamboo-veneer-sheets\/\" >\n\t\t\t\tNylanceret h\u00f8jdensitets bambus fleksible finer\t\t\t<\/a>\n\t\t<\/h3>\n\t\t\t\t<div class=\"elementor-post__meta-data\">\n\t\t\t\t\t<span class=\"elementor-post-date\">\n\t\t\t21. november 2023\t\t<\/span>\n\t\t\t\t<\/div>\n\t\t\t\t<div class=\"elementor-post__excerpt\">\n\t\t\t<p>Nylanceret High-density Bamboo Flexible Finers Plankboo har specialiseret sig i at fremstille high-density\/strandv\u00e6vede bambusfinerplader. Vores tilbud omfatter ikke kun kulsyre- og tigerfarver, men ogs\u00e5 champagnefarver. For at im\u00f8dekomme forskellige applikationer tilbyder vi tilpasningsmuligheder for tykkelsen<\/p>\n\t\t<\/div>\n\t\t\n\t\t<a class=\"elementor-post__read-more\" href=\"https:\/\/www.plankboo.com\/da\/2023\/11\/21\/newly-launched-high-density-bamboo-veneer-sheets\/\" aria-label=\"L\u00e6s mere om nyligt lancerede h\u00f8jdensitets bambus fleksible finer\" tabindex=\"-1\" >\n\t\t\tL\u00e6s mere &quot;\t\t<\/a>\n\n\t\t\t\t<\/div>\n\t\t\t\t<\/article>\n\t\t\t\t<article class=\"elementor-post elementor-grid-item post-1798 post type-post status-publish format-standard has-post-thumbnail hentry category-products\" role=\"listitem\">\n\t\t\t\t<a class=\"elementor-post__thumbnail__link\" href=\"https:\/\/www.plankboo.com\/da\/2023\/05\/29\/the-benefits-of-bamboo-veneer\/\" tabindex=\"-1\" >\n\t\t\t<div class=\"elementor-post__thumbnail\"><img loading=\"lazy\" decoding=\"async\" width=\"300\" height=\"200\" src=\"https:\/\/www.plankboo.com\/wp-content\/uploads\/2023\/05\/the_benefit_of_bamboo_veneer_feature_imag-300x200.jpg\" class=\"attachment-medium size-medium wp-image-1809\" alt=\"\" srcset=\"https:\/\/www.plankboo.com\/wp-content\/uploads\/2023\/05\/the_benefit_of_bamboo_veneer_feature_imag-300x200.jpg 300w, https:\/\/www.plankboo.com\/wp-content\/uploads\/2023\/05\/the_benefit_of_bamboo_veneer_feature_imag-18x12.jpg 18w, https:\/\/www.plankboo.com\/wp-content\/uploads\/2023\/05\/the_benefit_of_bamboo_veneer_feature_imag.jpg 600w\" sizes=\"(max-width: 300px) 100vw, 300px\" \/><\/div>\n\t\t<\/a>\n\t\t\t\t<div class=\"elementor-post__text\">\n\t\t\t\t<h3 class=\"elementor-post__title\">\n\t\t\t<a href=\"https:\/\/www.plankboo.com\/da\/2023\/05\/29\/the-benefits-of-bamboo-veneer\/\" >\n\t\t\t\tFordelene ved bambusfiner\t\t\t<\/a>\n\t\t<\/h3>\n\t\t\t\t<div class=\"elementor-post__meta-data\">\n\t\t\t\t\t<span class=\"elementor-post-date\">\n\t\t\t29. maj 2023\t\t<\/span>\n\t\t\t\t<\/div>\n\t\t\t\t<div class=\"elementor-post__excerpt\">\n\t\t\t<p>Fordelene ved bambusfiner Bambusfiner er et tyndt lag bambus, der bruges til at d\u00e6kke og dekorere m\u00f8bler, skabe og andre overflader. Her er nogle fordele ved at bruge bambusfiner: 1. Milj\u00f8venlig: Bambus er en af<\/p>\n\t\t<\/div>\n\t\t\n\t\t<a class=\"elementor-post__read-more\" href=\"https:\/\/www.plankboo.com\/da\/2023\/05\/29\/the-benefits-of-bamboo-veneer\/\" aria-label=\"L\u00e6s mere om fordelene ved bambusfiner\" tabindex=\"-1\" >\n\t\t\tL\u00e6s mere &quot;\t\t<\/a>\n\n\t\t\t\t<\/div>\n\t\t\t\t<\/article>\n\t\t\t\t<\/div>\n\t\t\n\t\t\t\t\t\t<\/div>\n\t\t\t\t<\/div>\n\t\t\t\t\t<\/div>\n\t\t<\/div>\n\t\t\t\t<div class=\"elementor-column elementor-col-33 elementor-top-column elementor-element elementor-element-6856569\" data-id=\"6856569\" data-element_type=\"column\" data-e-type=\"column\">\n\t\t\t<div class=\"elementor-widget-wrap elementor-element-populated\">\n\t\t\t\t\t\t<div class=\"elementor-element elementor-element-fd55c33 elementor-widget elementor-widget-sidebar\" data-id=\"fd55c33\" data-element_type=\"widget\" data-e-type=\"widget\" data-widget_type=\"sidebar.default\">\n\t\t\t\t<div class=\"elementor-widget-container\">\n\t\t\t\t\t<aside id=\"search-2\" class=\"widget inner-padding widget_search\"><form method=\"get\" class=\"search-form\" action=\"https:\/\/www.plankboo.com\/da\/\" data-trp-original-action=\"https:\/\/www.plankboo.com\/da\/\">\n\t<label>\n\t\t<span class=\"screen-reader-text\">S\u00f8g efter:<\/span>\n\t\t<input type=\"search\" class=\"search-field\" placeholder=\"S\u00f8g \u2026\" value=\"\" name=\"s\" title=\"S\u00f8g efter:\">\n\t<\/label>\n\t<button class=\"search-submit\" aria-label=\"S\u00f8g\"><span class=\"gp-icon icon-search\"><svg viewbox=\"0 0 512 512\" aria-hidden=\"true\" xmlns=\"http:\/\/www.w3.org\/2000\/svg\" width=\"1em\" height=\"1em\"><path fill-rule=\"evenodd\" clip-rule=\"evenodd\" d=\"M208 48c-88.366 0-160 71.634-160 160s71.634 160 160 160 160-71.634 160-160S296.366 48 208 48zM0 208C0 93.125 93.125 0 208 0s208 93.125 208 208c0 48.741-16.765 93.566-44.843 129.024l133.826 134.018c9.366 9.379 9.355 24.575-.025 33.941-9.379 9.366-24.575 9.355-33.941-.025L337.238 370.987C301.747 399.167 256.839 416 208 416 93.125 416 0 322.875 0 208z\" \/><\/svg><\/span><\/button><input type=\"hidden\" name=\"trp-form-language\" value=\"da\"\/><\/form>\n<\/aside>\n\t\t<aside id=\"recent-posts-2\" class=\"widget inner-padding widget_recent_entries\">\n\t\t<h2 class=\"widget-title\">Seneste indl\u00e6g<\/h2>\n\t\t<ul>\n\t\t\t\t\t\t\t\t\t\t\t<li>\n\t\t\t\t\t<a href=\"https:\/\/www.plankboo.com\/da\/2025\/03\/14\/the-advantages-of-bamboo-truck-trailer-decking\/\">Fordelene ved Bamboo Truck Trailer Decking<\/a>\n\t\t\t\t\t\t\t\t\t<\/li>\n\t\t\t\t\t\t\t\t\t\t\t<li>\n\t\t\t\t\t<a href=\"https:\/\/www.plankboo.com\/da\/2024\/09\/02\/__trashed\/\">Foldbare Bamboo Lagun-bordplader til varebiler og autocampere<\/a>\n\t\t\t\t\t\t\t\t\t<\/li>\n\t\t\t\t\t\t\t\t\t\t\t<li>\n\t\t\t\t\t<a href=\"https:\/\/www.plankboo.com\/da\/2023\/11\/21\/newly-launched-high-density-bamboo-veneer-sheets\/\">Nylanceret h\u00f8jdensitets bambus fleksible finer<\/a>\n\t\t\t\t\t\t\t\t\t<\/li>\n\t\t\t\t\t\t\t\t\t\t\t<li>\n\t\t\t\t\t<a href=\"https:\/\/www.plankboo.com\/da\/2023\/05\/29\/the-benefits-of-bamboo-veneer\/\">Fordelene ved bambusfiner<\/a>\n\t\t\t\t\t\t\t\t\t<\/li>\n\t\t\t\t\t<\/ul>\n\n\t\t<\/aside><aside id=\"categories-2\" class=\"widget inner-padding widget_categories\"><h2 class=\"widget-title\">Kategorier<\/h2>\n\t\t\t<ul>\n\t\t\t\t\t<li class=\"cat-item cat-item-1\"><a href=\"https:\/\/www.plankboo.com\/da\/category\/products\/\">Produkter<\/a>\n<\/li>\n\t\t\t<\/ul>\n\n\t\t\t<\/aside>\t\t\t\t<\/div>\n\t\t\t\t<\/div>\n\t\t\t\t\t<\/div>\n\t\t<\/div>\n\t\t\t\t\t<\/div>\n\t\t<\/section>\n\t\t\t\t<\/div>","protected":false},"excerpt":{"rendered":"","protected":false},"author":1,"featured_media":0,"parent":0,"menu_order":0,"comment_status":"closed","ping_status":"closed","template":"","meta":{"_acf_changed":false,"footnotes":""},"class_list":["post-1796","page","type-page","status-publish","hentry"],"acf":[],"_links":{"self":[{"href":"https:\/\/www.plankboo.com\/da\/wp-json\/wp\/v2\/pages\/1796","targetHints":{"allow":["GET"]}}],"collection":[{"href":"https:\/\/www.plankboo.com\/da\/wp-json\/wp\/v2\/pages"}],"about":[{"href":"https:\/\/www.plankboo.com\/da\/wp-json\/wp\/v2\/types\/page"}],"author":[{"embeddable":true,"href":"https:\/\/www.plankboo.com\/da\/wp-json\/wp\/v2\/users\/1"}],"replies":[{"embeddable":true,"href":"https:\/\/www.plankboo.com\/da\/wp-json\/wp\/v2\/comments?post=1796"}],"version-history":[{"count":4,"href":"https:\/\/www.plankboo.com\/da\/wp-json\/wp\/v2\/pages\/1796\/revisions"}],"predecessor-version":[{"id":1812,"href":"https:\/\/www.plankboo.com\/da\/wp-json\/wp\/v2\/pages\/1796\/revisions\/1812"}],"wp:attachment":[{"href":"https:\/\/www.plankboo.com\/da\/wp-json\/wp\/v2\/media?parent=1796"}],"curies":[{"name":"wp","href":"https:\/\/api.w.org\/{rel}","templated":true}]}}