{"id":1561,"date":"2022-06-27T02:27:59","date_gmt":"2022-06-27T02:27:59","guid":{"rendered":"https:\/\/www.plankboo.com\/?page_id=1561"},"modified":"2024-11-05T09:22:42","modified_gmt":"2024-11-05T09:22:42","slug":"about-us","status":"publish","type":"page","link":"https:\/\/www.plankboo.com\/pt\/about-us\/","title":{"rendered":"Sobre n\u00f3s"},"content":{"rendered":"<div data-elementor-type=\"wp-page\" data-elementor-id=\"1561\" class=\"elementor elementor-1561\" data-elementor-post-type=\"page\">\n\t\t\t\t\t\t<section class=\"elementor-section elementor-top-section elementor-element elementor-element-5531277 elementor-section-full_width elementor-section-height-default elementor-section-height-default\" data-id=\"5531277\" data-element_type=\"section\" data-e-type=\"section\">\n\t\t\t\t\t\t<div class=\"elementor-container elementor-column-gap-default\">\n\t\t\t\t\t<div class=\"elementor-column elementor-col-100 elementor-top-column elementor-element elementor-element-87ea06c\" data-id=\"87ea06c\" data-element_type=\"column\" data-e-type=\"column\">\n\t\t\t<div class=\"elementor-widget-wrap elementor-element-populated\">\n\t\t\t\t\t\t<div class=\"elementor-element elementor-element-2272dcb elementor--h-position-center elementor--v-position-middle elementor-arrows-position-inside elementor-pagination-position-inside elementor-widget elementor-widget-slides\" data-id=\"2272dcb\" data-element_type=\"widget\" data-e-type=\"widget\" data-settings=\"{&quot;navigation&quot;:&quot;both&quot;,&quot;autoplay&quot;:&quot;yes&quot;,&quot;pause_on_hover&quot;:&quot;yes&quot;,&quot;pause_on_interaction&quot;:&quot;yes&quot;,&quot;autoplay_speed&quot;:5000,&quot;infinite&quot;:&quot;yes&quot;,&quot;transition&quot;:&quot;slide&quot;,&quot;transition_speed&quot;:500}\" data-widget_type=\"slides.default\">\n\t\t\t\t<div class=\"elementor-widget-container\">\n\t\t\t\t\t\t\t\t\t<div class=\"elementor-swiper\">\n\t\t\t\t\t<div class=\"elementor-slides-wrapper elementor-main-swiper swiper\" role=\"region\" aria-roledescription=\"carousel\" aria-label=\"Slides\" dir=\"ltr\" data-animation=\"fadeInUp\">\n\t\t\t\t<div class=\"swiper-wrapper elementor-slides\">\n\t\t\t\t\t\t\t\t\t\t<div class=\"elementor-repeater-item-f0d928f swiper-slide\" role=\"group\" aria-roledescription=\"slide\"><div class=\"swiper-slide-bg\" role=\"img\" aria-label=\"Lixar t\u00e1buas de bambu\"><\/div><a class=\"swiper-slide-inner\" href=\"https:\/\/www.plankboo.com\/pt\/contact\/\"><div class=\"swiper-slide-contents\"><div class=\"elementor-slide-heading\">Contraplacado de bambu Plankboo<\/div><div class=\"elementor-slide-description\">Exporta\u00e7\u00e3o para mais de 20 pa\u00edses com certifica\u00e7\u00e3o FSC, E0, E1<\/div><div  class=\"elementor-button elementor-slide-button elementor-size-sm\">Contate-nos<\/div><\/div><\/a><\/div>\t\t\t\t<\/div>\n\t\t\t\t\t\t\t<\/div>\n\t\t\t\t<\/div>\n\t\t\t\t\t\t\t\t<\/div>\n\t\t\t\t<\/div>\n\t\t\t\t\t<\/div>\n\t\t<\/div>\n\t\t\t\t\t<\/div>\n\t\t<\/section>\n\t\t\t\t<section class=\"elementor-section elementor-top-section elementor-element elementor-element-23eac8b elementor-section-content-middle elementor-section-boxed elementor-section-height-default elementor-section-height-default\" data-id=\"23eac8b\" data-element_type=\"section\" data-e-type=\"section\">\n\t\t\t\t\t\t<div class=\"elementor-container elementor-column-gap-default\">\n\t\t\t\t\t<div class=\"elementor-column elementor-col-100 elementor-top-column elementor-element elementor-element-e9df88e\" data-id=\"e9df88e\" data-element_type=\"column\" data-e-type=\"column\">\n\t\t\t<div class=\"elementor-widget-wrap elementor-element-populated\">\n\t\t\t\t\t\t<div class=\"elementor-element elementor-element-1949146 elementor-widget elementor-widget-heading\" data-id=\"1949146\" data-element_type=\"widget\" data-e-type=\"widget\" data-widget_type=\"heading.default\">\n\t\t\t\t<div class=\"elementor-widget-container\">\n\t\t\t\t\t<h2 class=\"elementor-heading-title elementor-size-default\">Sobre n\u00f3s<\/h2>\t\t\t\t<\/div>\n\t\t\t\t<\/div>\n\t\t\t\t<div class=\"elementor-element elementor-element-372eaa7 elementor-widget elementor-widget-text-editor\" data-id=\"372eaa7\" data-element_type=\"widget\" data-e-type=\"widget\" data-widget_type=\"text-editor.default\">\n\t\t\t\t<div class=\"elementor-widget-container\">\n\t\t\t\t\t\t\t\t\t<p>A PLANKBOO est\u00e1 sediada em Anji, Zhejiang, uma das principais regi\u00f5es produtoras de bambu da China. Somos especializados em fornecer e exportar materiais de constru\u00e7\u00e3o de bambu de alta qualidade, incluindo compensado de bambu, bancadas, mesas de trabalho em p\u00e9, m\u00f3veis de bambu, pisos, folheados flex\u00edveis, vigas, madeira serrada e decks para mais de 20 pa\u00edses, incluindo Austr\u00e1lia, EUA, Holanda, Jap\u00e3o, Coreia do Sul, Reino Unido, Pol\u00f4nia e Alemanha, etc.<\/p>\t\t\t\t\t\t\t\t<\/div>\n\t\t\t\t<\/div>\n\t\t\t\t<div class=\"elementor-element elementor-element-f3b2e55 elementor-icon-list--layout-traditional elementor-list-item-link-full_width elementor-widget elementor-widget-icon-list\" data-id=\"f3b2e55\" data-element_type=\"widget\" data-e-type=\"widget\" data-widget_type=\"icon-list.default\">\n\t\t\t\t<div class=\"elementor-widget-container\">\n\t\t\t\t\t\t\t<ul class=\"elementor-icon-list-items\">\n\t\t\t\t\t\t\t<li class=\"elementor-icon-list-item\">\n\t\t\t\t\t\t\t\t\t\t\t<span class=\"elementor-icon-list-icon\">\n\t\t\t\t\t\t\t<i aria-hidden=\"true\" class=\"fas fa-check-circle\"><\/i>\t\t\t\t\t\t<\/span>\n\t\t\t\t\t\t\t\t\t\t<span class=\"elementor-icon-list-text\">Muitas s\u00e9ries de produtos<\/span>\n\t\t\t\t\t\t\t\t\t<\/li>\n\t\t\t\t\t\t<\/ul>\n\t\t\t\t\t\t<\/div>\n\t\t\t\t<\/div>\n\t\t\t\t<div class=\"elementor-element elementor-element-56d25a2 elementor-widget elementor-widget-text-editor\" data-id=\"56d25a2\" data-element_type=\"widget\" data-e-type=\"widget\" data-widget_type=\"text-editor.default\">\n\t\t\t\t<div class=\"elementor-widget-container\">\n\t\t\t\t\t\t\t\t\t<p>Fornecemos produtos de bambu para interior e exterior, como t\u00e1buas para m\u00f3veis, tampos de mesa ergon\u00f4micos, superf\u00edcies para esta\u00e7\u00f5es de trabalho, folheados para dobra, madeira maci\u00e7a de bambu, tubos e cavilhas de bambu, pisos e decks, pain\u00e9is de parede, decks planos para caminh\u00f5es e t\u00e1buas para est\u00e1bulos de cavalos, entre outros.<\/p>\t\t\t\t\t\t\t\t<\/div>\n\t\t\t\t<\/div>\n\t\t\t\t<div class=\"elementor-element elementor-element-3ea7233 elementor-icon-list--layout-traditional elementor-list-item-link-full_width elementor-widget elementor-widget-icon-list\" data-id=\"3ea7233\" data-element_type=\"widget\" data-e-type=\"widget\" data-widget_type=\"icon-list.default\">\n\t\t\t\t<div class=\"elementor-widget-container\">\n\t\t\t\t\t\t\t<ul class=\"elementor-icon-list-items\">\n\t\t\t\t\t\t\t<li class=\"elementor-icon-list-item\">\n\t\t\t\t\t\t\t\t\t\t\t<span class=\"elementor-icon-list-icon\">\n\t\t\t\t\t\t\t<i aria-hidden=\"true\" class=\"fas fa-check-circle\"><\/i>\t\t\t\t\t\t<\/span>\n\t\t\t\t\t\t\t\t\t\t<span class=\"elementor-icon-list-text\">Rica experi\u00eancia e equipe de controle de qualidade rigorosa<\/span>\n\t\t\t\t\t\t\t\t\t<\/li>\n\t\t\t\t\t\t<\/ul>\n\t\t\t\t\t\t<\/div>\n\t\t\t\t<\/div>\n\t\t\t\t<div class=\"elementor-element elementor-element-08efa55 elementor-widget elementor-widget-text-editor\" data-id=\"08efa55\" data-element_type=\"widget\" data-e-type=\"widget\" data-widget_type=\"text-editor.default\">\n\t\t\t\t<div class=\"elementor-widget-container\">\n\t\t\t\t\t\t\t\t\t<p>Com mais de 25 anos de experi\u00eancia na fabrica\u00e7\u00e3o de produtos de bambu, a PLANKBOO oferece servi\u00e7os OEM e ODM para acomodar v\u00e1rios projetos e designs. Nossa equipe profissional de controle de qualidade garante rigorosamente que cada produto atenda a altos padr\u00f5es, garantindo que cada item seja de qualidade excepcional para nossos clientes.<\/p>\t\t\t\t\t\t\t\t<\/div>\n\t\t\t\t<\/div>\n\t\t\t\t<div class=\"elementor-element elementor-element-bff921c elementor-icon-list--layout-traditional elementor-list-item-link-full_width elementor-widget elementor-widget-icon-list\" data-id=\"bff921c\" data-element_type=\"widget\" data-e-type=\"widget\" data-widget_type=\"icon-list.default\">\n\t\t\t\t<div class=\"elementor-widget-container\">\n\t\t\t\t\t\t\t<ul class=\"elementor-icon-list-items\">\n\t\t\t\t\t\t\t<li class=\"elementor-icon-list-item\">\n\t\t\t\t\t\t\t\t\t\t\t<span class=\"elementor-icon-list-icon\">\n\t\t\t\t\t\t\t<i aria-hidden=\"true\" class=\"fas fa-check-circle\"><\/i>\t\t\t\t\t\t<\/span>\n\t\t\t\t\t\t\t\t\t\t<span class=\"elementor-icon-list-text\">Produtos Sustent\u00e1veis e Certificados<\/span>\n\t\t\t\t\t\t\t\t\t<\/li>\n\t\t\t\t\t\t<\/ul>\n\t\t\t\t\t\t<\/div>\n\t\t\t\t<\/div>\n\t\t\t\t<div class=\"elementor-element elementor-element-eb99c71 elementor-widget elementor-widget-text-editor\" data-id=\"eb99c71\" data-element_type=\"widget\" data-e-type=\"widget\" data-widget_type=\"text-editor.default\">\n\t\t\t\t<div class=\"elementor-widget-container\">\n\t\t\t\t\t\t\t\t\t<p>O bambu \u00e9 um tipo de grama que \u00e9 uma alternativa sustent\u00e1vel \u00e0 madeira. Pode ser colhido ap\u00f3s 4-6 anos sem a necessidade de fertilizante ou replantio. Nossos produtos de bambu v\u00eam com certifica\u00e7\u00f5es FSC, E0, E1 e CARB.<\/p>\t\t\t\t\t\t\t\t<\/div>\n\t\t\t\t<\/div>\n\t\t\t\t<div class=\"elementor-element elementor-element-90dfed3 elementor-icon-list--layout-traditional elementor-list-item-link-full_width elementor-widget elementor-widget-icon-list\" data-id=\"90dfed3\" data-element_type=\"widget\" data-e-type=\"widget\" data-widget_type=\"icon-list.default\">\n\t\t\t\t<div class=\"elementor-widget-container\">\n\t\t\t\t\t\t\t<ul class=\"elementor-icon-list-items\">\n\t\t\t\t\t\t\t<li class=\"elementor-icon-list-item\">\n\t\t\t\t\t\t\t\t\t\t\t<span class=\"elementor-icon-list-icon\">\n\t\t\t\t\t\t\t<i aria-hidden=\"true\" class=\"fas fa-check-circle\"><\/i>\t\t\t\t\t\t<\/span>\n\t\t\t\t\t\t\t\t\t\t<span class=\"elementor-icon-list-text\">Servi\u00e7o ODM e OEM<\/span>\n\t\t\t\t\t\t\t\t\t<\/li>\n\t\t\t\t\t\t<\/ul>\n\t\t\t\t\t\t<\/div>\n\t\t\t\t<\/div>\n\t\t\t\t<div class=\"elementor-element elementor-element-0467533 elementor-widget elementor-widget-text-editor\" data-id=\"0467533\" data-element_type=\"widget\" data-e-type=\"widget\" data-widget_type=\"text-editor.default\">\n\t\t\t\t<div class=\"elementor-widget-container\">\n\t\t\t\t\t\t\t\t\t<p>Com equipamentos avan\u00e7ados e desenvolvedores qualificados, oferecemos servi\u00e7os ODM e OEM para personalizar tamanhos, formas, cores e estruturas de produtos de bambu, especialmente m\u00f3veis de bambu e tampos de mesa ergon\u00f4micos para estruturas de mesa el\u00e9tricas.<\/p>\t\t\t\t\t\t\t\t<\/div>\n\t\t\t\t<\/div>\n\t\t\t\t\t<\/div>\n\t\t<\/div>\n\t\t\t\t\t<\/div>\n\t\t<\/section>\n\t\t\t\t<\/div>","protected":false},"excerpt":{"rendered":"<p>Plankboo Bamboo PlywoodExport to more than 20 countries with FSC, E0, E1 certifiedContact Us About Us PLANKBOO is based in Anji, Zhejiang, one of China&#8217;s primary bamboo-producing regions. We specialize in supplying and exporting high-quality bamboo building materials including bamboo plywood, worktops, standing desktops, bamboo furniture, flooring, flexible veneers, beams, lumbers, and decking to over &#8230; <a title=\"Sobre n\u00f3s\" class=\"read-more\" href=\"https:\/\/www.plankboo.com\/pt\/about-us\/\" aria-label=\"Leia mais sobre About Us\">Ler mais<\/a><\/p>","protected":false},"author":1,"featured_media":0,"parent":0,"menu_order":0,"comment_status":"closed","ping_status":"closed","template":"","meta":{"_acf_changed":false,"footnotes":""},"class_list":["post-1561","page","type-page","status-publish"],"acf":[],"_links":{"self":[{"href":"https:\/\/www.plankboo.com\/pt\/wp-json\/wp\/v2\/pages\/1561","targetHints":{"allow":["GET"]}}],"collection":[{"href":"https:\/\/www.plankboo.com\/pt\/wp-json\/wp\/v2\/pages"}],"about":[{"href":"https:\/\/www.plankboo.com\/pt\/wp-json\/wp\/v2\/types\/page"}],"author":[{"embeddable":true,"href":"https:\/\/www.plankboo.com\/pt\/wp-json\/wp\/v2\/users\/1"}],"replies":[{"embeddable":true,"href":"https:\/\/www.plankboo.com\/pt\/wp-json\/wp\/v2\/comments?post=1561"}],"version-history":[{"count":30,"href":"https:\/\/www.plankboo.com\/pt\/wp-json\/wp\/v2\/pages\/1561\/revisions"}],"predecessor-version":[{"id":2242,"href":"https:\/\/www.plankboo.com\/pt\/wp-json\/wp\/v2\/pages\/1561\/revisions\/2242"}],"wp:attachment":[{"href":"https:\/\/www.plankboo.com\/pt\/wp-json\/wp\/v2\/media?parent=1561"}],"curies":[{"name":"wp","href":"https:\/\/api.w.org\/{rel}","templated":true}]}}