{"id":1561,"date":"2022-06-27T02:27:59","date_gmt":"2022-06-27T02:27:59","guid":{"rendered":"https:\/\/www.plankboo.com\/?page_id=1561"},"modified":"2024-11-05T09:22:42","modified_gmt":"2024-11-05T09:22:42","slug":"about-us","status":"publish","type":"page","link":"https:\/\/www.plankboo.com\/tr\/about-us\/","title":{"rendered":"Hakk\u0131m\u0131zda"},"content":{"rendered":"<div data-elementor-type=\"wp-page\" data-elementor-id=\"1561\" class=\"elementor elementor-1561\" data-elementor-post-type=\"page\">\n\t\t\t\t\t\t<section class=\"elementor-section elementor-top-section elementor-element elementor-element-5531277 elementor-section-full_width elementor-section-height-default elementor-section-height-default\" data-id=\"5531277\" data-element_type=\"section\" data-e-type=\"section\">\n\t\t\t\t\t\t<div class=\"elementor-container elementor-column-gap-default\">\n\t\t\t\t\t<div class=\"elementor-column elementor-col-100 elementor-top-column elementor-element elementor-element-87ea06c\" data-id=\"87ea06c\" data-element_type=\"column\" data-e-type=\"column\">\n\t\t\t<div class=\"elementor-widget-wrap elementor-element-populated\">\n\t\t\t\t\t\t<div class=\"elementor-element elementor-element-2272dcb elementor--h-position-center elementor--v-position-middle elementor-arrows-position-inside elementor-pagination-position-inside elementor-widget elementor-widget-slides\" data-id=\"2272dcb\" data-element_type=\"widget\" data-e-type=\"widget\" data-settings=\"{&quot;navigation&quot;:&quot;both&quot;,&quot;autoplay&quot;:&quot;yes&quot;,&quot;pause_on_hover&quot;:&quot;yes&quot;,&quot;pause_on_interaction&quot;:&quot;yes&quot;,&quot;autoplay_speed&quot;:5000,&quot;infinite&quot;:&quot;yes&quot;,&quot;transition&quot;:&quot;slide&quot;,&quot;transition_speed&quot;:500}\" data-widget_type=\"slides.default\">\n\t\t\t\t<div class=\"elementor-widget-container\">\n\t\t\t\t\t\t\t\t\t<div class=\"elementor-swiper\">\n\t\t\t\t\t<div class=\"elementor-slides-wrapper elementor-main-swiper swiper\" role=\"region\" aria-roledescription=\"carousel\" aria-label=\"Slaytlar\" dir=\"ltr\" data-animation=\"fadeInUp\">\n\t\t\t\t<div class=\"swiper-wrapper elementor-slides\">\n\t\t\t\t\t\t\t\t\t\t<div class=\"elementor-repeater-item-f0d928f swiper-slide\" role=\"group\" aria-roledescription=\"slide\"><div class=\"swiper-slide-bg\" role=\"img\" aria-label=\"Bambu levhalar\u0131n z\u0131mparalanmas\u0131\"><\/div><a class=\"swiper-slide-inner\" href=\"https:\/\/www.plankboo.com\/tr\/contact\/\"><div class=\"swiper-slide-contents\"><div class=\"elementor-slide-heading\">Plankboo Bambu Kontrplak<\/div><div class=\"elementor-slide-description\">FSC, E0, E1 sertifikal\u0131 20&#039;den fazla \u00fclkeye ihracat<\/div><div  class=\"elementor-button elementor-slide-button elementor-size-sm\">Bize Ula\u015f\u0131n<\/div><\/div><\/a><\/div>\t\t\t\t<\/div>\n\t\t\t\t\t\t\t<\/div>\n\t\t\t\t<\/div>\n\t\t\t\t\t\t\t\t<\/div>\n\t\t\t\t<\/div>\n\t\t\t\t\t<\/div>\n\t\t<\/div>\n\t\t\t\t\t<\/div>\n\t\t<\/section>\n\t\t\t\t<section class=\"elementor-section elementor-top-section elementor-element elementor-element-23eac8b elementor-section-content-middle elementor-section-boxed elementor-section-height-default elementor-section-height-default\" data-id=\"23eac8b\" data-element_type=\"section\" data-e-type=\"section\">\n\t\t\t\t\t\t<div class=\"elementor-container elementor-column-gap-default\">\n\t\t\t\t\t<div class=\"elementor-column elementor-col-100 elementor-top-column elementor-element elementor-element-e9df88e\" data-id=\"e9df88e\" data-element_type=\"column\" data-e-type=\"column\">\n\t\t\t<div class=\"elementor-widget-wrap elementor-element-populated\">\n\t\t\t\t\t\t<div class=\"elementor-element elementor-element-1949146 elementor-widget elementor-widget-heading\" data-id=\"1949146\" data-element_type=\"widget\" data-e-type=\"widget\" data-widget_type=\"heading.default\">\n\t\t\t\t<div class=\"elementor-widget-container\">\n\t\t\t\t\t<h2 class=\"elementor-heading-title elementor-size-default\">Hakk\u0131m\u0131zda<\/h2>\t\t\t\t<\/div>\n\t\t\t\t<\/div>\n\t\t\t\t<div class=\"elementor-element elementor-element-372eaa7 elementor-widget elementor-widget-text-editor\" data-id=\"372eaa7\" data-element_type=\"widget\" data-e-type=\"widget\" data-widget_type=\"text-editor.default\">\n\t\t\t\t<div class=\"elementor-widget-container\">\n\t\t\t\t\t\t\t\t\t<p>PLANKBOO, \u00c7in&#039;in ba\u015fl\u0131ca bambu \u00fcretim b\u00f6lgelerinden biri olan Anji, Zhejiang&#039;da bulunmaktad\u0131r. Bambu kontrplak, tezgahlar, ayakta duran masa\u00fcstleri, bambu mobilyalar, d\u00f6\u015feme, esnek kaplamalar, kiri\u015fler, keresteler ve d\u00f6\u015femeler dahil olmak \u00fczere y\u00fcksek kaliteli bambu yap\u0131 malzemeleri tedarik etme ve ihra\u00e7 etme konusunda uzmanla\u015ft\u0131k. Avustralya, ABD, Hollanda, Japonya, G\u00fcney Kore, \u0130ngiltere, Polonya ve Almanya vb. dahil olmak \u00fczere 20&#039;den fazla \u00fclkeye ihracat yap\u0131yoruz.<\/p>\t\t\t\t\t\t\t\t<\/div>\n\t\t\t\t<\/div>\n\t\t\t\t<div class=\"elementor-element elementor-element-f3b2e55 elementor-icon-list--layout-traditional elementor-list-item-link-full_width elementor-widget elementor-widget-icon-list\" data-id=\"f3b2e55\" data-element_type=\"widget\" data-e-type=\"widget\" data-widget_type=\"icon-list.default\">\n\t\t\t\t<div class=\"elementor-widget-container\">\n\t\t\t\t\t\t\t<ul class=\"elementor-icon-list-items\">\n\t\t\t\t\t\t\t<li class=\"elementor-icon-list-item\">\n\t\t\t\t\t\t\t\t\t\t\t<span class=\"elementor-icon-list-icon\">\n\t\t\t\t\t\t\t<i aria-hidden=\"true\" class=\"fas fa-check-circle\"><\/i>\t\t\t\t\t\t<\/span>\n\t\t\t\t\t\t\t\t\t\t<span class=\"elementor-icon-list-text\">Bir\u00e7ok \u00dcr\u00fcn Serisi<\/span>\n\t\t\t\t\t\t\t\t\t<\/li>\n\t\t\t\t\t\t<\/ul>\n\t\t\t\t\t\t<\/div>\n\t\t\t\t<\/div>\n\t\t\t\t<div class=\"elementor-element elementor-element-56d25a2 elementor-widget elementor-widget-text-editor\" data-id=\"56d25a2\" data-element_type=\"widget\" data-e-type=\"widget\" data-widget_type=\"text-editor.default\">\n\t\t\t\t<div class=\"elementor-widget-container\">\n\t\t\t\t\t\t\t\t\t<p>Mobilya tahtalar\u0131, ergo masa tablalar\u0131, \u00e7al\u0131\u015fma istasyonu y\u00fczeyleri, b\u00fckme kaplamalar, masif bambu keresteler, bambu borular ve d\u00fcbeller, d\u00f6\u015feme ve d\u00f6\u015feme, duvar panelleri, kamyon d\u00fcz d\u00f6\u015feme ve at ah\u0131r\u0131 tahtalar\u0131 vb. gibi i\u00e7 ve d\u0131\u015f bambu \u00fcr\u00fcnleri sa\u011fl\u0131yoruz.<\/p>\t\t\t\t\t\t\t\t<\/div>\n\t\t\t\t<\/div>\n\t\t\t\t<div class=\"elementor-element elementor-element-3ea7233 elementor-icon-list--layout-traditional elementor-list-item-link-full_width elementor-widget elementor-widget-icon-list\" data-id=\"3ea7233\" data-element_type=\"widget\" data-e-type=\"widget\" data-widget_type=\"icon-list.default\">\n\t\t\t\t<div class=\"elementor-widget-container\">\n\t\t\t\t\t\t\t<ul class=\"elementor-icon-list-items\">\n\t\t\t\t\t\t\t<li class=\"elementor-icon-list-item\">\n\t\t\t\t\t\t\t\t\t\t\t<span class=\"elementor-icon-list-icon\">\n\t\t\t\t\t\t\t<i aria-hidden=\"true\" class=\"fas fa-check-circle\"><\/i>\t\t\t\t\t\t<\/span>\n\t\t\t\t\t\t\t\t\t\t<span class=\"elementor-icon-list-text\">Zengin Deneyim ve S\u0131k\u0131 Kalite Kontrol Ekibi<\/span>\n\t\t\t\t\t\t\t\t\t<\/li>\n\t\t\t\t\t\t<\/ul>\n\t\t\t\t\t\t<\/div>\n\t\t\t\t<\/div>\n\t\t\t\t<div class=\"elementor-element elementor-element-08efa55 elementor-widget elementor-widget-text-editor\" data-id=\"08efa55\" data-element_type=\"widget\" data-e-type=\"widget\" data-widget_type=\"text-editor.default\">\n\t\t\t\t<div class=\"elementor-widget-container\">\n\t\t\t\t\t\t\t\t\t<p>Bambu \u00fcr\u00fcnleri \u00fcretiminde 25 y\u0131l\u0131 a\u015fk\u0131n deneyime sahip olan PLANKBOO, \u00e7e\u015fitli projelere ve tasar\u0131mlara uyum sa\u011flamak i\u00e7in OEM ve ODM hizmetleri sunmaktad\u0131r. Profesyonel kalite kontrol ekibimiz, her \u00fcr\u00fcn\u00fcn y\u00fcksek standartlar\u0131 kar\u015f\u0131lad\u0131\u011f\u0131ndan titizlikle emin olarak, her \u00f6\u011fenin m\u00fc\u015fterilerimiz i\u00e7in ola\u011fan\u00fcst\u00fc kalitede olmas\u0131n\u0131 garanti eder.<\/p>\t\t\t\t\t\t\t\t<\/div>\n\t\t\t\t<\/div>\n\t\t\t\t<div class=\"elementor-element elementor-element-bff921c elementor-icon-list--layout-traditional elementor-list-item-link-full_width elementor-widget elementor-widget-icon-list\" data-id=\"bff921c\" data-element_type=\"widget\" data-e-type=\"widget\" data-widget_type=\"icon-list.default\">\n\t\t\t\t<div class=\"elementor-widget-container\">\n\t\t\t\t\t\t\t<ul class=\"elementor-icon-list-items\">\n\t\t\t\t\t\t\t<li class=\"elementor-icon-list-item\">\n\t\t\t\t\t\t\t\t\t\t\t<span class=\"elementor-icon-list-icon\">\n\t\t\t\t\t\t\t<i aria-hidden=\"true\" class=\"fas fa-check-circle\"><\/i>\t\t\t\t\t\t<\/span>\n\t\t\t\t\t\t\t\t\t\t<span class=\"elementor-icon-list-text\">S\u00fcrd\u00fcr\u00fclebilir ve Sertifikal\u0131 \u00dcr\u00fcnler<\/span>\n\t\t\t\t\t\t\t\t\t<\/li>\n\t\t\t\t\t\t<\/ul>\n\t\t\t\t\t\t<\/div>\n\t\t\t\t<\/div>\n\t\t\t\t<div class=\"elementor-element elementor-element-eb99c71 elementor-widget elementor-widget-text-editor\" data-id=\"eb99c71\" data-element_type=\"widget\" data-e-type=\"widget\" data-widget_type=\"text-editor.default\">\n\t\t\t\t<div class=\"elementor-widget-container\">\n\t\t\t\t\t\t\t\t\t<p>Bambu, ah\u015faba s\u00fcrd\u00fcr\u00fclebilir bir alternatif olan bir \u00e7im t\u00fcr\u00fcd\u00fcr. G\u00fcbre veya yeniden ekime gerek kalmadan 4-6 y\u0131l sonra hasat edilebilir. Bambu \u00fcr\u00fcnlerimiz FSC, E0, E1 ve CARB sertifikalar\u0131na sahiptir.<\/p>\t\t\t\t\t\t\t\t<\/div>\n\t\t\t\t<\/div>\n\t\t\t\t<div class=\"elementor-element elementor-element-90dfed3 elementor-icon-list--layout-traditional elementor-list-item-link-full_width elementor-widget elementor-widget-icon-list\" data-id=\"90dfed3\" data-element_type=\"widget\" data-e-type=\"widget\" data-widget_type=\"icon-list.default\">\n\t\t\t\t<div class=\"elementor-widget-container\">\n\t\t\t\t\t\t\t<ul class=\"elementor-icon-list-items\">\n\t\t\t\t\t\t\t<li class=\"elementor-icon-list-item\">\n\t\t\t\t\t\t\t\t\t\t\t<span class=\"elementor-icon-list-icon\">\n\t\t\t\t\t\t\t<i aria-hidden=\"true\" class=\"fas fa-check-circle\"><\/i>\t\t\t\t\t\t<\/span>\n\t\t\t\t\t\t\t\t\t\t<span class=\"elementor-icon-list-text\">ODM ve OEM Hizmeti<\/span>\n\t\t\t\t\t\t\t\t\t<\/li>\n\t\t\t\t\t\t<\/ul>\n\t\t\t\t\t\t<\/div>\n\t\t\t\t<\/div>\n\t\t\t\t<div class=\"elementor-element elementor-element-0467533 elementor-widget elementor-widget-text-editor\" data-id=\"0467533\" data-element_type=\"widget\" data-e-type=\"widget\" data-widget_type=\"text-editor.default\">\n\t\t\t\t<div class=\"elementor-widget-container\">\n\t\t\t\t\t\t\t\t\t<p>Geli\u015fmi\u015f ekipmanlar\u0131m\u0131z ve yetenekli geli\u015ftiricilerimizle, \u00f6zellikle bambu mobilyalar ve elektrikli masa \u00e7er\u00e7eveleri i\u00e7in ergonomik masa \u00fcstleri olmak \u00fczere bambu \u00fcr\u00fcnlerinin boyutlar\u0131n\u0131, \u015fekillerini, renklerini ve yap\u0131lar\u0131n\u0131 \u00f6zelle\u015ftirmek i\u00e7in ODM ve OEM hizmetleri sunuyoruz.<\/p>\t\t\t\t\t\t\t\t<\/div>\n\t\t\t\t<\/div>\n\t\t\t\t\t<\/div>\n\t\t<\/div>\n\t\t\t\t\t<\/div>\n\t\t<\/section>\n\t\t\t\t<\/div>","protected":false},"excerpt":{"rendered":"<p>Plankboo Bamboo PlywoodExport to more than 20 countries with FSC, E0, E1 certifiedContact Us About Us PLANKBOO is based in Anji, Zhejiang, one of China&#8217;s primary bamboo-producing regions. We specialize in supplying and exporting high-quality bamboo building materials including bamboo plywood, worktops, standing desktops, bamboo furniture, flooring, flexible veneers, beams, lumbers, and decking to over &#8230; <a title=\"Hakk\u0131m\u0131zda\" class=\"read-more\" href=\"https:\/\/www.plankboo.com\/tr\/about-us\/\" aria-label=\"Read more about About Us\">Devam\u0131n\u0131 oku<\/a><\/p>","protected":false},"author":1,"featured_media":0,"parent":0,"menu_order":0,"comment_status":"closed","ping_status":"closed","template":"","meta":{"_acf_changed":false,"footnotes":""},"class_list":["post-1561","page","type-page","status-publish"],"acf":[],"_links":{"self":[{"href":"https:\/\/www.plankboo.com\/tr\/wp-json\/wp\/v2\/pages\/1561","targetHints":{"allow":["GET"]}}],"collection":[{"href":"https:\/\/www.plankboo.com\/tr\/wp-json\/wp\/v2\/pages"}],"about":[{"href":"https:\/\/www.plankboo.com\/tr\/wp-json\/wp\/v2\/types\/page"}],"author":[{"embeddable":true,"href":"https:\/\/www.plankboo.com\/tr\/wp-json\/wp\/v2\/users\/1"}],"replies":[{"embeddable":true,"href":"https:\/\/www.plankboo.com\/tr\/wp-json\/wp\/v2\/comments?post=1561"}],"version-history":[{"count":30,"href":"https:\/\/www.plankboo.com\/tr\/wp-json\/wp\/v2\/pages\/1561\/revisions"}],"predecessor-version":[{"id":2242,"href":"https:\/\/www.plankboo.com\/tr\/wp-json\/wp\/v2\/pages\/1561\/revisions\/2242"}],"wp:attachment":[{"href":"https:\/\/www.plankboo.com\/tr\/wp-json\/wp\/v2\/media?parent=1561"}],"curies":[{"name":"wp","href":"https:\/\/api.w.org\/{rel}","templated":true}]}}