{"id":1796,"date":"2023-05-29T07:05:47","date_gmt":"2023-05-29T07:05:47","guid":{"rendered":"https:\/\/www.plankboo.com\/?page_id=1796"},"modified":"2023-07-28T09:55:04","modified_gmt":"2023-07-28T09:55:04","slug":"blog","status":"publish","type":"page","link":"https:\/\/www.plankboo.com\/tr\/blog\/","title":{"rendered":"Blog"},"content":{"rendered":"<div data-elementor-type=\"wp-page\" data-elementor-id=\"1796\" class=\"elementor elementor-1796\" data-elementor-post-type=\"page\">\n\t\t\t\t\t\t<section class=\"elementor-section elementor-top-section elementor-element elementor-element-4e66e3c elementor-section-boxed elementor-section-height-default elementor-section-height-default\" data-id=\"4e66e3c\" data-element_type=\"section\" data-e-type=\"section\">\n\t\t\t\t\t\t<div class=\"elementor-container elementor-column-gap-default\">\n\t\t\t\t\t<div class=\"elementor-column elementor-col-66 elementor-top-column elementor-element elementor-element-957d99c\" data-id=\"957d99c\" data-element_type=\"column\" data-e-type=\"column\">\n\t\t\t<div class=\"elementor-widget-wrap elementor-element-populated\">\n\t\t\t\t\t\t<div class=\"elementor-element elementor-element-6036e69 elementor-grid-1 elementor-posts--thumbnail-left elementor-grid-tablet-2 elementor-grid-mobile-1 elementor-widget elementor-widget-posts\" data-id=\"6036e69\" data-element_type=\"widget\" data-e-type=\"widget\" data-settings=\"{&quot;classic_columns&quot;:&quot;1&quot;,&quot;classic_columns_tablet&quot;:&quot;2&quot;,&quot;classic_columns_mobile&quot;:&quot;1&quot;,&quot;classic_row_gap&quot;:{&quot;unit&quot;:&quot;px&quot;,&quot;size&quot;:35,&quot;sizes&quot;:[]},&quot;classic_row_gap_tablet&quot;:{&quot;unit&quot;:&quot;px&quot;,&quot;size&quot;:&quot;&quot;,&quot;sizes&quot;:[]},&quot;classic_row_gap_mobile&quot;:{&quot;unit&quot;:&quot;px&quot;,&quot;size&quot;:&quot;&quot;,&quot;sizes&quot;:[]}}\" data-widget_type=\"posts.classic\">\n\t\t\t\t<div class=\"elementor-widget-container\">\n\t\t\t\t\t\t\t<div class=\"elementor-posts-container elementor-posts elementor-posts--skin-classic elementor-grid\" role=\"list\">\n\t\t\t\t<article class=\"elementor-post elementor-grid-item post-2326 post type-post status-publish format-standard has-post-thumbnail hentry category-products\" role=\"listitem\">\n\t\t\t\t<a class=\"elementor-post__thumbnail__link\" href=\"https:\/\/www.plankboo.com\/tr\/2025\/03\/14\/the-advantages-of-bamboo-truck-trailer-decking\/\" tabindex=\"-1\" >\n\t\t\t<div class=\"elementor-post__thumbnail\"><img fetchpriority=\"high\" decoding=\"async\" width=\"300\" height=\"200\" src=\"https:\/\/www.plankboo.com\/wp-content\/uploads\/2025\/03\/The-Advantages-of-Bamboo-Truck-Trailer-Decking-cover-300x200.jpg\" class=\"attachment-medium size-medium wp-image-2333\" alt=\"\" srcset=\"https:\/\/www.plankboo.com\/wp-content\/uploads\/2025\/03\/The-Advantages-of-Bamboo-Truck-Trailer-Decking-cover-300x200.jpg 300w, https:\/\/www.plankboo.com\/wp-content\/uploads\/2025\/03\/The-Advantages-of-Bamboo-Truck-Trailer-Decking-cover-18x12.jpg 18w, https:\/\/www.plankboo.com\/wp-content\/uploads\/2025\/03\/The-Advantages-of-Bamboo-Truck-Trailer-Decking-cover.jpg 600w\" sizes=\"(max-width: 300px) 100vw, 300px\" \/><\/div>\n\t\t<\/a>\n\t\t\t\t<div class=\"elementor-post__text\">\n\t\t\t\t<h3 class=\"elementor-post__title\">\n\t\t\t<a href=\"https:\/\/www.plankboo.com\/tr\/2025\/03\/14\/the-advantages-of-bamboo-truck-trailer-decking\/\" >\n\t\t\t\tBambu Kamyon R\u00f6mork D\u00f6\u015femesinin Avantajlar\u0131\t\t\t<\/a>\n\t\t<\/h3>\n\t\t\t\t<div class=\"elementor-post__meta-data\">\n\t\t\t\t\t<span class=\"elementor-post-date\">\n\t\t\t14 Mart 2025\t\t<\/span>\n\t\t\t\t<\/div>\n\t\t\t\t<div class=\"elementor-post__excerpt\">\n\t\t\t<p>Bambu Kamyon R\u00f6mork D\u00f6\u015femesinin Avantajlar\u0131 Kamyon d\u00f6\u015femesi s\u00f6z konusu oldu\u011funda, genellikle yo\u011funlu\u011fu 745 kg\/m\u00b3 ve Janka sertli\u011fi yakla\u015f\u0131k 1.390 lbf olan kal\u0131n k\u0131rm\u0131z\u0131 sert a\u011fa\u00e7 Apitong\/Keruing kullan\u0131r\u0131z. Ancak, Dipterocarpus&#039;un bir\u00e7ok t\u00fcr\u00fc,<\/p>\n\t\t<\/div>\n\t\t\n\t\t<a class=\"elementor-post__read-more\" href=\"https:\/\/www.plankboo.com\/tr\/2025\/03\/14\/the-advantages-of-bamboo-truck-trailer-decking\/\" aria-label=\"Bambu Kamyon R\u00f6mork D\u00f6\u015femesinin Avantajlar\u0131 hakk\u0131nda daha fazla bilgi edinin\" tabindex=\"-1\" >\n\t\t\tDevam\u0131n\u0131 oku &quot;\t\t<\/a>\n\n\t\t\t\t<\/div>\n\t\t\t\t<\/article>\n\t\t\t\t<article class=\"elementor-post elementor-grid-item post-2213 post type-post status-publish format-standard has-post-thumbnail hentry category-products\" role=\"listitem\">\n\t\t\t\t<a class=\"elementor-post__thumbnail__link\" href=\"https:\/\/www.plankboo.com\/tr\/2024\/09\/02\/__trashed\/\" tabindex=\"-1\" >\n\t\t\t<div class=\"elementor-post__thumbnail\"><img decoding=\"async\" width=\"300\" height=\"200\" src=\"https:\/\/www.plankboo.com\/wp-content\/uploads\/2023\/11\/foldable_bamboo_lagun_tabletops_for_vans_rvs_cover-300x200.jpg\" class=\"attachment-medium size-medium wp-image-2212\" alt=\"\" srcset=\"https:\/\/www.plankboo.com\/wp-content\/uploads\/2023\/11\/foldable_bamboo_lagun_tabletops_for_vans_rvs_cover-300x200.jpg 300w, https:\/\/www.plankboo.com\/wp-content\/uploads\/2023\/11\/foldable_bamboo_lagun_tabletops_for_vans_rvs_cover-18x12.jpg 18w, https:\/\/www.plankboo.com\/wp-content\/uploads\/2023\/11\/foldable_bamboo_lagun_tabletops_for_vans_rvs_cover.jpg 600w\" sizes=\"(max-width: 300px) 100vw, 300px\" \/><\/div>\n\t\t<\/a>\n\t\t\t\t<div class=\"elementor-post__text\">\n\t\t\t\t<h3 class=\"elementor-post__title\">\n\t\t\t<a href=\"https:\/\/www.plankboo.com\/tr\/2024\/09\/02\/__trashed\/\" >\n\t\t\t\tKatlan\u0131r Bambu Lagun Masa \u00dcstleri Vanlar ve Karavanlar \u0130\u00e7in\t\t\t<\/a>\n\t\t<\/h3>\n\t\t\t\t<div class=\"elementor-post__meta-data\">\n\t\t\t\t\t<span class=\"elementor-post-date\">\n\t\t\t2 Eyl\u00fcl 2024\t\t<\/span>\n\t\t\t\t<\/div>\n\t\t\t\t<div class=\"elementor-post__excerpt\">\n\t\t\t<p>Katlanabilir Bambu Lagun Karavan ve Kamyonet Masa \u00dcstleri Bambu paneller art\u0131k kamyonet d\u00f6n\u00fc\u015f\u00fcmleri dekorasyonunda ah\u015faba s\u00fcrd\u00fcr\u00fclebilir bir malzeme alternatifi olarak yayg\u0131n ve pop\u00fcler bir \u015fekilde kullan\u0131l\u0131yor. Bambu do\u011fal olarak antibakteriyel ve su ge\u00e7irmezdir, bu da bambu mobilyalar\u0131 kamyonet kamp\u00e7\u0131lar\u0131 i\u00e7in uygun hale getirir.<\/p>\n\t\t<\/div>\n\t\t\n\t\t<a class=\"elementor-post__read-more\" href=\"https:\/\/www.plankboo.com\/tr\/2024\/09\/02\/__trashed\/\" aria-label=\"Vanlar ve Rv&#039;ler \u0130\u00e7in Katlan\u0131r Bambu Lagun Masa \u00dcstleri hakk\u0131nda daha fazla bilgi edinin\" tabindex=\"-1\" >\n\t\t\tDevam\u0131n\u0131 oku &quot;\t\t<\/a>\n\n\t\t\t\t<\/div>\n\t\t\t\t<\/article>\n\t\t\t\t<article class=\"elementor-post elementor-grid-item post-1922 post type-post status-publish format-standard has-post-thumbnail hentry category-products\" role=\"listitem\">\n\t\t\t\t<a class=\"elementor-post__thumbnail__link\" href=\"https:\/\/www.plankboo.com\/tr\/2023\/11\/21\/newly-launched-high-density-bamboo-veneer-sheets\/\" tabindex=\"-1\" >\n\t\t\t<div class=\"elementor-post__thumbnail\"><img decoding=\"async\" width=\"300\" height=\"200\" src=\"https:\/\/www.plankboo.com\/wp-content\/uploads\/2023\/11\/newly_launched_high_density_bamboo_veneer_sheets_cover-300x200.jpg\" class=\"attachment-medium size-medium wp-image-1960\" alt=\"\" srcset=\"https:\/\/www.plankboo.com\/wp-content\/uploads\/2023\/11\/newly_launched_high_density_bamboo_veneer_sheets_cover-300x200.jpg 300w, https:\/\/www.plankboo.com\/wp-content\/uploads\/2023\/11\/newly_launched_high_density_bamboo_veneer_sheets_cover-18x12.jpg 18w, https:\/\/www.plankboo.com\/wp-content\/uploads\/2023\/11\/newly_launched_high_density_bamboo_veneer_sheets_cover.jpg 600w\" sizes=\"(max-width: 300px) 100vw, 300px\" \/><\/div>\n\t\t<\/a>\n\t\t\t\t<div class=\"elementor-post__text\">\n\t\t\t\t<h3 class=\"elementor-post__title\">\n\t\t\t<a href=\"https:\/\/www.plankboo.com\/tr\/2023\/11\/21\/newly-launched-high-density-bamboo-veneer-sheets\/\" >\n\t\t\t\tYeni Piyasaya S\u00fcr\u00fclen Y\u00fcksek Yo\u011funluklu Bambu Esnek Kaplamalar\t\t\t<\/a>\n\t\t<\/h3>\n\t\t\t\t<div class=\"elementor-post__meta-data\">\n\t\t\t\t\t<span class=\"elementor-post-date\">\n\t\t\t21 Kas\u0131m 2023\t\t<\/span>\n\t\t\t\t<\/div>\n\t\t\t\t<div class=\"elementor-post__excerpt\">\n\t\t\t<p>Yeni Piyasaya S\u00fcr\u00fclen Y\u00fcksek Yo\u011funluklu Bambu Esnek Kaplamalar Plankboo, y\u00fcksek yo\u011funluklu\/iplik\u00e7ik dokuma bambu kaplama levhalar\u0131n i\u015flenmesinde uzmanla\u015fm\u0131\u015ft\u0131r. \u00dcr\u00fcnlerimizde yaln\u0131zca karbonize ve kaplan renkleri de\u011fil, ayn\u0131 zamanda \u015fampanya tonlar\u0131 da yer al\u0131yor. \u00c7e\u015fitli uygulamalara hitap etmek amac\u0131yla kal\u0131nl\u0131k i\u00e7in \u00f6zelle\u015ftirme se\u00e7enekleri sunuyoruz<\/p>\n\t\t<\/div>\n\t\t\n\t\t<a class=\"elementor-post__read-more\" href=\"https:\/\/www.plankboo.com\/tr\/2023\/11\/21\/newly-launched-high-density-bamboo-veneer-sheets\/\" aria-label=\"Yeni Piyasaya S\u00fcr\u00fclen Y\u00fcksek Yo\u011funluklu Bambu Esnek Kaplamalar hakk\u0131nda daha fazla bilgi edinin\" tabindex=\"-1\" >\n\t\t\tDevam\u0131n\u0131 oku &quot;\t\t<\/a>\n\n\t\t\t\t<\/div>\n\t\t\t\t<\/article>\n\t\t\t\t<article class=\"elementor-post elementor-grid-item post-1798 post type-post status-publish format-standard has-post-thumbnail hentry category-products\" role=\"listitem\">\n\t\t\t\t<a class=\"elementor-post__thumbnail__link\" href=\"https:\/\/www.plankboo.com\/tr\/2023\/05\/29\/the-benefits-of-bamboo-veneer\/\" tabindex=\"-1\" >\n\t\t\t<div class=\"elementor-post__thumbnail\"><img loading=\"lazy\" decoding=\"async\" width=\"300\" height=\"200\" src=\"https:\/\/www.plankboo.com\/wp-content\/uploads\/2023\/05\/the_benefit_of_bamboo_veneer_feature_imag-300x200.jpg\" class=\"attachment-medium size-medium wp-image-1809\" alt=\"\" srcset=\"https:\/\/www.plankboo.com\/wp-content\/uploads\/2023\/05\/the_benefit_of_bamboo_veneer_feature_imag-300x200.jpg 300w, https:\/\/www.plankboo.com\/wp-content\/uploads\/2023\/05\/the_benefit_of_bamboo_veneer_feature_imag-18x12.jpg 18w, https:\/\/www.plankboo.com\/wp-content\/uploads\/2023\/05\/the_benefit_of_bamboo_veneer_feature_imag.jpg 600w\" sizes=\"(max-width: 300px) 100vw, 300px\" \/><\/div>\n\t\t<\/a>\n\t\t\t\t<div class=\"elementor-post__text\">\n\t\t\t\t<h3 class=\"elementor-post__title\">\n\t\t\t<a href=\"https:\/\/www.plankboo.com\/tr\/2023\/05\/29\/the-benefits-of-bamboo-veneer\/\" >\n\t\t\t\tBambu Kaplaman\u0131n Faydalar\u0131\t\t\t<\/a>\n\t\t<\/h3>\n\t\t\t\t<div class=\"elementor-post__meta-data\">\n\t\t\t\t\t<span class=\"elementor-post-date\">\n\t\t\t29 May\u0131s 2023\t\t<\/span>\n\t\t\t\t<\/div>\n\t\t\t\t<div class=\"elementor-post__excerpt\">\n\t\t\t<p>Bambu Kaplaman\u0131n Faydalar\u0131 Bambu kaplama, mobilyalar\u0131, dolaplar\u0131 ve di\u011fer y\u00fczeyleri kaplamak ve s\u00fcslemek i\u00e7in kullan\u0131lan ince bir bambu tabakas\u0131d\u0131r. \u0130\u015fte bambu kaplama kullanman\u0131n baz\u0131 faydalar\u0131: 1. \u00c7evre dostu: Bambu,<\/p>\n\t\t<\/div>\n\t\t\n\t\t<a class=\"elementor-post__read-more\" href=\"https:\/\/www.plankboo.com\/tr\/2023\/05\/29\/the-benefits-of-bamboo-veneer\/\" aria-label=\"Bambu Kaplaman\u0131n Faydalar\u0131 hakk\u0131nda daha fazla bilgi edinin\" tabindex=\"-1\" >\n\t\t\tDevam\u0131n\u0131 oku &quot;\t\t<\/a>\n\n\t\t\t\t<\/div>\n\t\t\t\t<\/article>\n\t\t\t\t<\/div>\n\t\t\n\t\t\t\t\t\t<\/div>\n\t\t\t\t<\/div>\n\t\t\t\t\t<\/div>\n\t\t<\/div>\n\t\t\t\t<div class=\"elementor-column elementor-col-33 elementor-top-column elementor-element elementor-element-6856569\" data-id=\"6856569\" data-element_type=\"column\" data-e-type=\"column\">\n\t\t\t<div class=\"elementor-widget-wrap elementor-element-populated\">\n\t\t\t\t\t\t<div class=\"elementor-element elementor-element-fd55c33 elementor-widget elementor-widget-sidebar\" data-id=\"fd55c33\" data-element_type=\"widget\" data-e-type=\"widget\" data-widget_type=\"sidebar.default\">\n\t\t\t\t<div class=\"elementor-widget-container\">\n\t\t\t\t\t<aside id=\"search-2\" class=\"widget inner-padding widget_search\"><form method=\"get\" class=\"search-form\" action=\"https:\/\/www.plankboo.com\/tr\/\" data-trp-original-action=\"https:\/\/www.plankboo.com\/tr\/\">\n\t<label>\n\t\t<span class=\"screen-reader-text\">i\u00e7in ara<\/span>\n\t\t<input type=\"search\" class=\"search-field\" placeholder=\"Ara \u2026\" value=\"\" name=\"s\" title=\"i\u00e7in ara\">\n\t<\/label>\n\t<button class=\"search-submit\" aria-label=\"Ara\"><span class=\"gp-icon icon-search\"><svg viewbox=\"0 0 512 512\" aria-hidden=\"true\" xmlns=\"http:\/\/www.w3.org\/2000\/svg\" width=\"1em\" height=\"1em\"><path fill-rule=\"evenodd\" clip-rule=\"evenodd\" d=\"M208 48c-88.366 0-160 71.634-160 160s71.634 160 160 160 160-71.634 160-160S296.366 48 208 48zM0 208C0 93.125 93.125 0 208 0s208 93.125 208 208c0 48.741-16.765 93.566-44.843 129.024l133.826 134.018c9.366 9.379 9.355 24.575-.025 33.941-9.379 9.366-24.575 9.355-33.941-.025L337.238 370.987C301.747 399.167 256.839 416 208 416 93.125 416 0 322.875 0 208z\" \/><\/svg><\/span><\/button><input type=\"hidden\" name=\"trp-form-language\" value=\"tr\"\/><\/form>\n<\/aside>\n\t\t<aside id=\"recent-posts-2\" class=\"widget inner-padding widget_recent_entries\">\n\t\t<h2 class=\"widget-title\">Son Yaz\u0131lar<\/h2>\n\t\t<ul>\n\t\t\t\t\t\t\t\t\t\t\t<li>\n\t\t\t\t\t<a href=\"https:\/\/www.plankboo.com\/tr\/2025\/03\/14\/the-advantages-of-bamboo-truck-trailer-decking\/\">Bambu Kamyon R\u00f6mork D\u00f6\u015femesinin Avantajlar\u0131<\/a>\n\t\t\t\t\t\t\t\t\t<\/li>\n\t\t\t\t\t\t\t\t\t\t\t<li>\n\t\t\t\t\t<a href=\"https:\/\/www.plankboo.com\/tr\/2024\/09\/02\/__trashed\/\">Katlan\u0131r Bambu Lagun Masa \u00dcstleri Vanlar ve Karavanlar \u0130\u00e7in<\/a>\n\t\t\t\t\t\t\t\t\t<\/li>\n\t\t\t\t\t\t\t\t\t\t\t<li>\n\t\t\t\t\t<a href=\"https:\/\/www.plankboo.com\/tr\/2023\/11\/21\/newly-launched-high-density-bamboo-veneer-sheets\/\">Yeni Piyasaya S\u00fcr\u00fclen Y\u00fcksek Yo\u011funluklu Bambu Esnek Kaplamalar<\/a>\n\t\t\t\t\t\t\t\t\t<\/li>\n\t\t\t\t\t\t\t\t\t\t\t<li>\n\t\t\t\t\t<a href=\"https:\/\/www.plankboo.com\/tr\/2023\/05\/29\/the-benefits-of-bamboo-veneer\/\">Bambu Kaplaman\u0131n Faydalar\u0131<\/a>\n\t\t\t\t\t\t\t\t\t<\/li>\n\t\t\t\t\t<\/ul>\n\n\t\t<\/aside><aside id=\"categories-2\" class=\"widget inner-padding widget_categories\"><h2 class=\"widget-title\">Kategoriler<\/h2>\n\t\t\t<ul>\n\t\t\t\t\t<li class=\"cat-item cat-item-1\"><a href=\"https:\/\/www.plankboo.com\/tr\/category\/products\/\">\u00dcr\u00fcnler<\/a>\n<\/li>\n\t\t\t<\/ul>\n\n\t\t\t<\/aside>\t\t\t\t<\/div>\n\t\t\t\t<\/div>\n\t\t\t\t\t<\/div>\n\t\t<\/div>\n\t\t\t\t\t<\/div>\n\t\t<\/section>\n\t\t\t\t<\/div>","protected":false},"excerpt":{"rendered":"","protected":false},"author":1,"featured_media":0,"parent":0,"menu_order":0,"comment_status":"closed","ping_status":"closed","template":"","meta":{"_acf_changed":false,"footnotes":""},"class_list":["post-1796","page","type-page","status-publish","hentry"],"acf":[],"_links":{"self":[{"href":"https:\/\/www.plankboo.com\/tr\/wp-json\/wp\/v2\/pages\/1796","targetHints":{"allow":["GET"]}}],"collection":[{"href":"https:\/\/www.plankboo.com\/tr\/wp-json\/wp\/v2\/pages"}],"about":[{"href":"https:\/\/www.plankboo.com\/tr\/wp-json\/wp\/v2\/types\/page"}],"author":[{"embeddable":true,"href":"https:\/\/www.plankboo.com\/tr\/wp-json\/wp\/v2\/users\/1"}],"replies":[{"embeddable":true,"href":"https:\/\/www.plankboo.com\/tr\/wp-json\/wp\/v2\/comments?post=1796"}],"version-history":[{"count":4,"href":"https:\/\/www.plankboo.com\/tr\/wp-json\/wp\/v2\/pages\/1796\/revisions"}],"predecessor-version":[{"id":1812,"href":"https:\/\/www.plankboo.com\/tr\/wp-json\/wp\/v2\/pages\/1796\/revisions\/1812"}],"wp:attachment":[{"href":"https:\/\/www.plankboo.com\/tr\/wp-json\/wp\/v2\/media?parent=1796"}],"curies":[{"name":"wp","href":"https:\/\/api.w.org\/{rel}","templated":true}]}}