{"id":1561,"date":"2022-06-27T02:27:59","date_gmt":"2022-06-27T02:27:59","guid":{"rendered":"https:\/\/www.plankboo.com\/?page_id=1561"},"modified":"2024-11-05T09:22:42","modified_gmt":"2024-11-05T09:22:42","slug":"about-us","status":"publish","type":"page","link":"https:\/\/www.plankboo.com\/vi\/about-us\/","title":{"rendered":"V\u1ec1 ch\u00fang t\u00f4i"},"content":{"rendered":"<div data-elementor-type=\"wp-page\" data-elementor-id=\"1561\" class=\"elementor elementor-1561\" data-elementor-post-type=\"page\">\n\t\t\t\t\t\t<section class=\"elementor-section elementor-top-section elementor-element elementor-element-5531277 elementor-section-full_width elementor-section-height-default elementor-section-height-default\" data-id=\"5531277\" data-element_type=\"section\" data-e-type=\"section\">\n\t\t\t\t\t\t<div class=\"elementor-container elementor-column-gap-default\">\n\t\t\t\t\t<div class=\"elementor-column elementor-col-100 elementor-top-column elementor-element elementor-element-87ea06c\" data-id=\"87ea06c\" data-element_type=\"column\" data-e-type=\"column\">\n\t\t\t<div class=\"elementor-widget-wrap elementor-element-populated\">\n\t\t\t\t\t\t<div class=\"elementor-element elementor-element-2272dcb elementor--h-position-center elementor--v-position-middle elementor-arrows-position-inside elementor-pagination-position-inside elementor-widget elementor-widget-slides\" data-id=\"2272dcb\" data-element_type=\"widget\" data-e-type=\"widget\" data-settings=\"{&quot;navigation&quot;:&quot;both&quot;,&quot;autoplay&quot;:&quot;yes&quot;,&quot;pause_on_hover&quot;:&quot;yes&quot;,&quot;pause_on_interaction&quot;:&quot;yes&quot;,&quot;autoplay_speed&quot;:5000,&quot;infinite&quot;:&quot;yes&quot;,&quot;transition&quot;:&quot;slide&quot;,&quot;transition_speed&quot;:500}\" data-widget_type=\"slides.default\">\n\t\t\t\t<div class=\"elementor-widget-container\">\n\t\t\t\t\t\t\t\t\t<div class=\"elementor-swiper\">\n\t\t\t\t\t<div class=\"elementor-slides-wrapper elementor-main-swiper swiper\" role=\"region\" aria-roledescription=\"carousel\" aria-label=\"Slajdy\" dir=\"ltr\" data-animation=\"fadeInUp\">\n\t\t\t\t<div class=\"swiper-wrapper elementor-slides\">\n\t\t\t\t\t\t\t\t\t\t<div class=\"elementor-repeater-item-f0d928f swiper-slide\" role=\"group\" aria-roledescription=\"slide\"><div class=\"swiper-slide-bg\" role=\"img\" aria-label=\"Ch\u00e0 nh\u00e1m v\u00e1n tre\"><\/div><a class=\"swiper-slide-inner\" href=\"https:\/\/www.plankboo.com\/vi\/contact\/\"><div class=\"swiper-slide-contents\"><div class=\"elementor-slide-heading\">V\u00e1n \u00e9p tre Plankboo<\/div><div class=\"elementor-slide-description\">Xu\u1ea5t kh\u1ea9u sang h\u01a1n 20 qu\u1ed1c gia c\u00f3 ch\u1ee9ng nh\u1eadn FSC, E0, E1<\/div><div  class=\"elementor-button elementor-slide-button elementor-size-sm\">Li\u00ean h\u1ec7 ch\u00fang t\u00f4i<\/div><\/div><\/a><\/div>\t\t\t\t<\/div>\n\t\t\t\t\t\t\t<\/div>\n\t\t\t\t<\/div>\n\t\t\t\t\t\t\t\t<\/div>\n\t\t\t\t<\/div>\n\t\t\t\t\t<\/div>\n\t\t<\/div>\n\t\t\t\t\t<\/div>\n\t\t<\/section>\n\t\t\t\t<section class=\"elementor-section elementor-top-section elementor-element elementor-element-23eac8b elementor-section-content-middle elementor-section-boxed elementor-section-height-default elementor-section-height-default\" data-id=\"23eac8b\" data-element_type=\"section\" data-e-type=\"section\">\n\t\t\t\t\t\t<div class=\"elementor-container elementor-column-gap-default\">\n\t\t\t\t\t<div class=\"elementor-column elementor-col-100 elementor-top-column elementor-element elementor-element-e9df88e\" data-id=\"e9df88e\" data-element_type=\"column\" data-e-type=\"column\">\n\t\t\t<div class=\"elementor-widget-wrap elementor-element-populated\">\n\t\t\t\t\t\t<div class=\"elementor-element elementor-element-1949146 elementor-widget elementor-widget-heading\" data-id=\"1949146\" data-element_type=\"widget\" data-e-type=\"widget\" data-widget_type=\"heading.default\">\n\t\t\t\t<div class=\"elementor-widget-container\">\n\t\t\t\t\t<h2 class=\"elementor-heading-title elementor-size-default\">V\u1ec1 ch\u00fang t\u00f4i<\/h2>\t\t\t\t<\/div>\n\t\t\t\t<\/div>\n\t\t\t\t<div class=\"elementor-element elementor-element-372eaa7 elementor-widget elementor-widget-text-editor\" data-id=\"372eaa7\" data-element_type=\"widget\" data-e-type=\"widget\" data-widget_type=\"text-editor.default\">\n\t\t\t\t<div class=\"elementor-widget-container\">\n\t\t\t\t\t\t\t\t\t<p>PLANKBOO c\u00f3 tr\u1ee5 s\u1edf t\u1ea1i Anji, Chi\u1ebft Giang, m\u1ed9t trong nh\u1eefng v\u00f9ng s\u1ea3n xu\u1ea5t tre ch\u00ednh c\u1ee7a Trung Qu\u1ed1c. Ch\u00fang t\u00f4i chuy\u00ean cung c\u1ea5p v\u00e0 xu\u1ea5t kh\u1ea9u v\u1eadt li\u1ec7u x\u00e2y d\u1ef1ng tre ch\u1ea5t l\u01b0\u1ee3ng cao bao g\u1ed3m v\u00e1n \u00e9p tre, m\u1eb7t b\u00e0n, m\u1eb7t b\u00e0n \u0111\u1ee9ng, \u0111\u1ed3 n\u1ed9i th\u1ea5t tre, s\u00e0n, v\u00e1n \u00e9p m\u1ec1m, d\u1ea7m, g\u1ed7 x\u1ebb v\u00e0 s\u00e0n g\u1ed7 \u0111\u1ebfn h\u01a1n 20 qu\u1ed1c gia, bao g\u1ed3m \u00dac, Hoa K\u1ef3, H\u00e0 Lan, Nh\u1eadt B\u1ea3n, H\u00e0n Qu\u1ed1c, Anh, Ba Lan v\u00e0 \u0110\u1ee9c, v.v.<\/p>\t\t\t\t\t\t\t\t<\/div>\n\t\t\t\t<\/div>\n\t\t\t\t<div class=\"elementor-element elementor-element-f3b2e55 elementor-icon-list--layout-traditional elementor-list-item-link-full_width elementor-widget elementor-widget-icon-list\" data-id=\"f3b2e55\" data-element_type=\"widget\" data-e-type=\"widget\" data-widget_type=\"icon-list.default\">\n\t\t\t\t<div class=\"elementor-widget-container\">\n\t\t\t\t\t\t\t<ul class=\"elementor-icon-list-items\">\n\t\t\t\t\t\t\t<li class=\"elementor-icon-list-item\">\n\t\t\t\t\t\t\t\t\t\t\t<span class=\"elementor-icon-list-icon\">\n\t\t\t\t\t\t\t<i aria-hidden=\"true\" class=\"fas fa-check-circle\"><\/i>\t\t\t\t\t\t<\/span>\n\t\t\t\t\t\t\t\t\t\t<span class=\"elementor-icon-list-text\">R\u1ea5t nhi\u1ec1u d\u00f2ng s\u1ea3n ph\u1ea9m<\/span>\n\t\t\t\t\t\t\t\t\t<\/li>\n\t\t\t\t\t\t<\/ul>\n\t\t\t\t\t\t<\/div>\n\t\t\t\t<\/div>\n\t\t\t\t<div class=\"elementor-element elementor-element-56d25a2 elementor-widget elementor-widget-text-editor\" data-id=\"56d25a2\" data-element_type=\"widget\" data-e-type=\"widget\" data-widget_type=\"text-editor.default\">\n\t\t\t\t<div class=\"elementor-widget-container\">\n\t\t\t\t\t\t\t\t\t<p>Ch\u00fang t\u00f4i cung c\u1ea5p c\u00e1c s\u1ea3n ph\u1ea9m tre n\u1ed9i th\u1ea5t v\u00e0 ngo\u1ea1i th\u1ea5t nh\u01b0 v\u00e1n n\u1ed9i th\u1ea5t, m\u1eb7t b\u00e0n l\u00e0m vi\u1ec7c ergo, b\u1ec1 m\u1eb7t tr\u1ea1m l\u00e0m vi\u1ec7c, v\u00e1n u\u1ed1n cong, g\u1ed7 tre nguy\u00ean kh\u1ed1i, \u1ed1ng v\u00e0 ch\u1ed1t tre, s\u00e0n v\u00e0 s\u00e0n g\u1ed7, t\u1ea5m \u1ed1p t\u01b0\u1eddng, s\u00e0n ph\u1eb3ng cho xe t\u1ea3i v\u00e0 v\u00e1n chu\u1ed3ng ng\u1ef1a, v.v.<\/p>\t\t\t\t\t\t\t\t<\/div>\n\t\t\t\t<\/div>\n\t\t\t\t<div class=\"elementor-element elementor-element-3ea7233 elementor-icon-list--layout-traditional elementor-list-item-link-full_width elementor-widget elementor-widget-icon-list\" data-id=\"3ea7233\" data-element_type=\"widget\" data-e-type=\"widget\" data-widget_type=\"icon-list.default\">\n\t\t\t\t<div class=\"elementor-widget-container\">\n\t\t\t\t\t\t\t<ul class=\"elementor-icon-list-items\">\n\t\t\t\t\t\t\t<li class=\"elementor-icon-list-item\">\n\t\t\t\t\t\t\t\t\t\t\t<span class=\"elementor-icon-list-icon\">\n\t\t\t\t\t\t\t<i aria-hidden=\"true\" class=\"fas fa-check-circle\"><\/i>\t\t\t\t\t\t<\/span>\n\t\t\t\t\t\t\t\t\t\t<span class=\"elementor-icon-list-text\">\u0110\u1ed9i ng\u0169 gi\u00e0u kinh nghi\u1ec7m v\u00e0 ki\u1ec3m so\u00e1t ch\u1ea5t l\u01b0\u1ee3ng nghi\u00eam ng\u1eb7t<\/span>\n\t\t\t\t\t\t\t\t\t<\/li>\n\t\t\t\t\t\t<\/ul>\n\t\t\t\t\t\t<\/div>\n\t\t\t\t<\/div>\n\t\t\t\t<div class=\"elementor-element elementor-element-08efa55 elementor-widget elementor-widget-text-editor\" data-id=\"08efa55\" data-element_type=\"widget\" data-e-type=\"widget\" data-widget_type=\"text-editor.default\">\n\t\t\t\t<div class=\"elementor-widget-container\">\n\t\t\t\t\t\t\t\t\t<p>V\u1edbi h\u01a1n 25 n\u0103m kinh nghi\u1ec7m trong s\u1ea3n xu\u1ea5t c\u00e1c s\u1ea3n ph\u1ea9m tre, PLANKBOO cung c\u1ea5p d\u1ecbch v\u1ee5 OEM v\u00e0 ODM \u0111\u1ec3 \u0111\u00e1p \u1ee9ng nhi\u1ec1u d\u1ef1 \u00e1n v\u00e0 thi\u1ebft k\u1ebf kh\u00e1c nhau. \u0110\u1ed9i ng\u0169 ki\u1ec3m so\u00e1t ch\u1ea5t l\u01b0\u1ee3ng chuy\u00ean nghi\u1ec7p c\u1ee7a ch\u00fang t\u00f4i \u0111\u1ea3m b\u1ea3o nghi\u00eam ng\u1eb7t r\u1eb1ng m\u1ed7i s\u1ea3n ph\u1ea9m \u0111\u1ec1u \u0111\u00e1p \u1ee9ng c\u00e1c ti\u00eau chu\u1ea9n cao, \u0111\u1ea3m b\u1ea3o r\u1eb1ng m\u1ecdi m\u1eb7t h\u00e0ng \u0111\u1ec1u c\u00f3 ch\u1ea5t l\u01b0\u1ee3ng \u0111\u1eb7c bi\u1ec7t cho kh\u00e1ch h\u00e0ng c\u1ee7a ch\u00fang t\u00f4i.<\/p>\t\t\t\t\t\t\t\t<\/div>\n\t\t\t\t<\/div>\n\t\t\t\t<div class=\"elementor-element elementor-element-bff921c elementor-icon-list--layout-traditional elementor-list-item-link-full_width elementor-widget elementor-widget-icon-list\" data-id=\"bff921c\" data-element_type=\"widget\" data-e-type=\"widget\" data-widget_type=\"icon-list.default\">\n\t\t\t\t<div class=\"elementor-widget-container\">\n\t\t\t\t\t\t\t<ul class=\"elementor-icon-list-items\">\n\t\t\t\t\t\t\t<li class=\"elementor-icon-list-item\">\n\t\t\t\t\t\t\t\t\t\t\t<span class=\"elementor-icon-list-icon\">\n\t\t\t\t\t\t\t<i aria-hidden=\"true\" class=\"fas fa-check-circle\"><\/i>\t\t\t\t\t\t<\/span>\n\t\t\t\t\t\t\t\t\t\t<span class=\"elementor-icon-list-text\">S\u1ea3n ph\u1ea9m b\u1ec1n v\u1eefng v\u00e0 \u0111\u01b0\u1ee3c ch\u1ee9ng nh\u1eadn<\/span>\n\t\t\t\t\t\t\t\t\t<\/li>\n\t\t\t\t\t\t<\/ul>\n\t\t\t\t\t\t<\/div>\n\t\t\t\t<\/div>\n\t\t\t\t<div class=\"elementor-element elementor-element-eb99c71 elementor-widget elementor-widget-text-editor\" data-id=\"eb99c71\" data-element_type=\"widget\" data-e-type=\"widget\" data-widget_type=\"text-editor.default\">\n\t\t\t\t<div class=\"elementor-widget-container\">\n\t\t\t\t\t\t\t\t\t<p>Tre l\u00e0 m\u1ed9t lo\u1ea1i c\u1ecf thay th\u1ebf b\u1ec1n v\u1eefng cho g\u1ed7. C\u00f3 th\u1ec3 thu ho\u1ea1ch sau 4-6 n\u0103m m\u00e0 kh\u00f4ng c\u1ea7n b\u00f3n ph\u00e2n hay tr\u1ed3ng l\u1ea1i. S\u1ea3n ph\u1ea9m tre c\u1ee7a ch\u00fang t\u00f4i c\u00f3 ch\u1ee9ng nh\u1eadn FSC, E0, E1 v\u00e0 CARB.<\/p>\t\t\t\t\t\t\t\t<\/div>\n\t\t\t\t<\/div>\n\t\t\t\t<div class=\"elementor-element elementor-element-90dfed3 elementor-icon-list--layout-traditional elementor-list-item-link-full_width elementor-widget elementor-widget-icon-list\" data-id=\"90dfed3\" data-element_type=\"widget\" data-e-type=\"widget\" data-widget_type=\"icon-list.default\">\n\t\t\t\t<div class=\"elementor-widget-container\">\n\t\t\t\t\t\t\t<ul class=\"elementor-icon-list-items\">\n\t\t\t\t\t\t\t<li class=\"elementor-icon-list-item\">\n\t\t\t\t\t\t\t\t\t\t\t<span class=\"elementor-icon-list-icon\">\n\t\t\t\t\t\t\t<i aria-hidden=\"true\" class=\"fas fa-check-circle\"><\/i>\t\t\t\t\t\t<\/span>\n\t\t\t\t\t\t\t\t\t\t<span class=\"elementor-icon-list-text\">D\u1ecbch v\u1ee5 ODM &amp; OEM<\/span>\n\t\t\t\t\t\t\t\t\t<\/li>\n\t\t\t\t\t\t<\/ul>\n\t\t\t\t\t\t<\/div>\n\t\t\t\t<\/div>\n\t\t\t\t<div class=\"elementor-element elementor-element-0467533 elementor-widget elementor-widget-text-editor\" data-id=\"0467533\" data-element_type=\"widget\" data-e-type=\"widget\" data-widget_type=\"text-editor.default\">\n\t\t\t\t<div class=\"elementor-widget-container\">\n\t\t\t\t\t\t\t\t\t<p>V\u1edbi thi\u1ebft b\u1ecb ti\u00ean ti\u1ebfn v\u00e0 \u0111\u1ed9i ng\u0169 ph\u00e1t tri\u1ec3n l\u00e0nh ngh\u1ec1, ch\u00fang t\u00f4i cung c\u1ea5p d\u1ecbch v\u1ee5 ODM v\u00e0 OEM \u0111\u1ec3 t\u00f9y ch\u1ec9nh k\u00edch th\u01b0\u1edbc, h\u00ecnh d\u1ea1ng, m\u00e0u s\u1eafc v\u00e0 c\u1ea5u tr\u00fac c\u1ee7a c\u00e1c s\u1ea3n ph\u1ea9m tre, \u0111\u1eb7c bi\u1ec7t l\u00e0 \u0111\u1ed3 n\u1ed9i th\u1ea5t tre v\u00e0 m\u1eb7t b\u00e0n ti\u1ec7n d\u1ee5ng cho khung b\u00e0n \u0111i\u1ec7n.<\/p>\t\t\t\t\t\t\t\t<\/div>\n\t\t\t\t<\/div>\n\t\t\t\t\t<\/div>\n\t\t<\/div>\n\t\t\t\t\t<\/div>\n\t\t<\/section>\n\t\t\t\t<\/div>","protected":false},"excerpt":{"rendered":"<p>Plankboo Bamboo PlywoodExport to more than 20 countries with FSC, E0, E1 certifiedContact Us About Us PLANKBOO is based in Anji, Zhejiang, one of China&#8217;s primary bamboo-producing regions. We specialize in supplying and exporting high-quality bamboo building materials including bamboo plywood, worktops, standing desktops, bamboo furniture, flooring, flexible veneers, beams, lumbers, and decking to over &#8230; <a title=\"V\u1ec1 ch\u00fang t\u00f4i\" class=\"read-more\" href=\"https:\/\/www.plankboo.com\/vi\/about-us\/\" aria-label=\"\u0110\u1ecdc th\u00eam v\u1ec1 About Us\">\u0110\u1ecdc ti\u1ebfp<\/a><\/p>","protected":false},"author":1,"featured_media":0,"parent":0,"menu_order":0,"comment_status":"closed","ping_status":"closed","template":"","meta":{"_acf_changed":false,"footnotes":""},"class_list":["post-1561","page","type-page","status-publish"],"acf":[],"_links":{"self":[{"href":"https:\/\/www.plankboo.com\/vi\/wp-json\/wp\/v2\/pages\/1561","targetHints":{"allow":["GET"]}}],"collection":[{"href":"https:\/\/www.plankboo.com\/vi\/wp-json\/wp\/v2\/pages"}],"about":[{"href":"https:\/\/www.plankboo.com\/vi\/wp-json\/wp\/v2\/types\/page"}],"author":[{"embeddable":true,"href":"https:\/\/www.plankboo.com\/vi\/wp-json\/wp\/v2\/users\/1"}],"replies":[{"embeddable":true,"href":"https:\/\/www.plankboo.com\/vi\/wp-json\/wp\/v2\/comments?post=1561"}],"version-history":[{"count":30,"href":"https:\/\/www.plankboo.com\/vi\/wp-json\/wp\/v2\/pages\/1561\/revisions"}],"predecessor-version":[{"id":2242,"href":"https:\/\/www.plankboo.com\/vi\/wp-json\/wp\/v2\/pages\/1561\/revisions\/2242"}],"wp:attachment":[{"href":"https:\/\/www.plankboo.com\/vi\/wp-json\/wp\/v2\/media?parent=1561"}],"curies":[{"name":"wp","href":"https:\/\/api.w.org\/{rel}","templated":true}]}}