{"id":1796,"date":"2023-05-29T07:05:47","date_gmt":"2023-05-29T07:05:47","guid":{"rendered":"https:\/\/www.plankboo.com\/?page_id=1796"},"modified":"2023-07-28T09:55:04","modified_gmt":"2023-07-28T09:55:04","slug":"blog","status":"publish","type":"page","link":"https:\/\/www.plankboo.com\/vi\/blog\/","title":{"rendered":"Blog"},"content":{"rendered":"<div data-elementor-type=\"wp-page\" data-elementor-id=\"1796\" class=\"elementor elementor-1796\" data-elementor-post-type=\"page\">\n\t\t\t\t\t\t<section class=\"elementor-section elementor-top-section elementor-element elementor-element-4e66e3c elementor-section-boxed elementor-section-height-default elementor-section-height-default\" data-id=\"4e66e3c\" data-element_type=\"section\" data-e-type=\"section\">\n\t\t\t\t\t\t<div class=\"elementor-container elementor-column-gap-default\">\n\t\t\t\t\t<div class=\"elementor-column elementor-col-66 elementor-top-column elementor-element elementor-element-957d99c\" data-id=\"957d99c\" data-element_type=\"column\" data-e-type=\"column\">\n\t\t\t<div class=\"elementor-widget-wrap elementor-element-populated\">\n\t\t\t\t\t\t<div class=\"elementor-element elementor-element-6036e69 elementor-grid-1 elementor-posts--thumbnail-left elementor-grid-tablet-2 elementor-grid-mobile-1 elementor-widget elementor-widget-posts\" data-id=\"6036e69\" data-element_type=\"widget\" data-e-type=\"widget\" data-settings=\"{&quot;classic_columns&quot;:&quot;1&quot;,&quot;classic_columns_tablet&quot;:&quot;2&quot;,&quot;classic_columns_mobile&quot;:&quot;1&quot;,&quot;classic_row_gap&quot;:{&quot;unit&quot;:&quot;px&quot;,&quot;size&quot;:35,&quot;sizes&quot;:[]},&quot;classic_row_gap_tablet&quot;:{&quot;unit&quot;:&quot;px&quot;,&quot;size&quot;:&quot;&quot;,&quot;sizes&quot;:[]},&quot;classic_row_gap_mobile&quot;:{&quot;unit&quot;:&quot;px&quot;,&quot;size&quot;:&quot;&quot;,&quot;sizes&quot;:[]}}\" data-widget_type=\"posts.classic\">\n\t\t\t\t<div class=\"elementor-widget-container\">\n\t\t\t\t\t\t\t<div class=\"elementor-posts-container elementor-posts elementor-posts--skin-classic elementor-grid\" role=\"list\">\n\t\t\t\t<article class=\"elementor-post elementor-grid-item post-2326 post type-post status-publish format-standard has-post-thumbnail hentry category-products\" role=\"listitem\">\n\t\t\t\t<a class=\"elementor-post__thumbnail__link\" href=\"https:\/\/www.plankboo.com\/vi\/2025\/03\/14\/the-advantages-of-bamboo-truck-trailer-decking\/\" tabindex=\"-1\" >\n\t\t\t<div class=\"elementor-post__thumbnail\"><img fetchpriority=\"high\" decoding=\"async\" width=\"300\" height=\"200\" src=\"https:\/\/www.plankboo.com\/wp-content\/uploads\/2025\/03\/The-Advantages-of-Bamboo-Truck-Trailer-Decking-cover-300x200.jpg\" class=\"attachment-medium size-medium wp-image-2333\" alt=\"\" srcset=\"https:\/\/www.plankboo.com\/wp-content\/uploads\/2025\/03\/The-Advantages-of-Bamboo-Truck-Trailer-Decking-cover-300x200.jpg 300w, https:\/\/www.plankboo.com\/wp-content\/uploads\/2025\/03\/The-Advantages-of-Bamboo-Truck-Trailer-Decking-cover-18x12.jpg 18w, https:\/\/www.plankboo.com\/wp-content\/uploads\/2025\/03\/The-Advantages-of-Bamboo-Truck-Trailer-Decking-cover.jpg 600w\" sizes=\"(max-width: 300px) 100vw, 300px\" \/><\/div>\n\t\t<\/a>\n\t\t\t\t<div class=\"elementor-post__text\">\n\t\t\t\t<h3 class=\"elementor-post__title\">\n\t\t\t<a href=\"https:\/\/www.plankboo.com\/vi\/2025\/03\/14\/the-advantages-of-bamboo-truck-trailer-decking\/\" >\n\t\t\t\t\u01afu \u0111i\u1ec3m c\u1ee7a s\u00e0n xe k\u00e9o b\u1eb1ng tre\t\t\t<\/a>\n\t\t<\/h3>\n\t\t\t\t<div class=\"elementor-post__meta-data\">\n\t\t\t\t\t<span class=\"elementor-post-date\">\n\t\t\tTh\u00e1ng 3 14, 2025\t\t<\/span>\n\t\t\t\t<\/div>\n\t\t\t\t<div class=\"elementor-post__excerpt\">\n\t\t\t<p>\u01afu \u0111i\u1ec3m c\u1ee7a s\u00e0n xe k\u00e9o b\u1eb1ng tre Khi n\u00f3i \u0111\u1ebfn s\u00e0n xe t\u1ea3i, ch\u00fang t\u00f4i th\u01b0\u1eddng s\u1eed d\u1ee5ng g\u1ed7 c\u1ee9ng m\u00e0u \u0111\u1ecf d\u00e0y Apitong\/Keruing, c\u00f3 m\u1eadt \u0111\u1ed9 745 kg\/m\u00b3 v\u00e0 \u0111\u1ed9 c\u1ee9ng Janka kho\u1ea3ng 1.390 lbf. Tuy nhi\u00ean, nhi\u1ec1u lo\u00e0i Dipterocarpus,<\/p>\n\t\t<\/div>\n\t\t\n\t\t<a class=\"elementor-post__read-more\" href=\"https:\/\/www.plankboo.com\/vi\/2025\/03\/14\/the-advantages-of-bamboo-truck-trailer-decking\/\" aria-label=\"Read more about The Advantages of Bamboo Truck Trailer Decking\" tabindex=\"-1\" >\n\t\t\t\u0110\u1ecdc th\u00eam &quot;\t\t<\/a>\n\n\t\t\t\t<\/div>\n\t\t\t\t<\/article>\n\t\t\t\t<article class=\"elementor-post elementor-grid-item post-2213 post type-post status-publish format-standard has-post-thumbnail hentry category-products\" role=\"listitem\">\n\t\t\t\t<a class=\"elementor-post__thumbnail__link\" href=\"https:\/\/www.plankboo.com\/vi\/2024\/09\/02\/__trashed\/\" tabindex=\"-1\" >\n\t\t\t<div class=\"elementor-post__thumbnail\"><img decoding=\"async\" width=\"300\" height=\"200\" src=\"https:\/\/www.plankboo.com\/wp-content\/uploads\/2023\/11\/foldable_bamboo_lagun_tabletops_for_vans_rvs_cover-300x200.jpg\" class=\"attachment-medium size-medium wp-image-2212\" alt=\"\" srcset=\"https:\/\/www.plankboo.com\/wp-content\/uploads\/2023\/11\/foldable_bamboo_lagun_tabletops_for_vans_rvs_cover-300x200.jpg 300w, https:\/\/www.plankboo.com\/wp-content\/uploads\/2023\/11\/foldable_bamboo_lagun_tabletops_for_vans_rvs_cover-18x12.jpg 18w, https:\/\/www.plankboo.com\/wp-content\/uploads\/2023\/11\/foldable_bamboo_lagun_tabletops_for_vans_rvs_cover.jpg 600w\" sizes=\"(max-width: 300px) 100vw, 300px\" \/><\/div>\n\t\t<\/a>\n\t\t\t\t<div class=\"elementor-post__text\">\n\t\t\t\t<h3 class=\"elementor-post__title\">\n\t\t\t<a href=\"https:\/\/www.plankboo.com\/vi\/2024\/09\/02\/__trashed\/\" >\n\t\t\t\tM\u1eb7t b\u00e0n g\u1ea5p b\u1eb1ng tre Lagun cho xe t\u1ea3i v\u00e0 xe RV\t\t\t<\/a>\n\t\t<\/h3>\n\t\t\t\t<div class=\"elementor-post__meta-data\">\n\t\t\t\t\t<span class=\"elementor-post-date\">\n\t\t\tTh\u00e1ng 9 2, 2024\t\t<\/span>\n\t\t\t\t<\/div>\n\t\t\t\t<div class=\"elementor-post__excerpt\">\n\t\t\t<p>M\u1eb7t b\u00e0n tre Lagun c\u00f3 th\u1ec3 g\u1eadp l\u1ea1i cho RVS &amp; Van T\u1ea5m tre hi\u1ec7n \u0111\u01b0\u1ee3c s\u1eed d\u1ee5ng r\u1ed9ng r\u00e3i v\u00e0 ph\u1ed5 bi\u1ebfn \u0111\u1ec3 trang tr\u00ed c\u1ea3i t\u1ea1o xe t\u1ea3i nh\u01b0 m\u1ed9t v\u1eadt li\u1ec7u thay th\u1ebf b\u1ec1n v\u1eefng cho g\u1ed7. Tre c\u00f3 \u0111\u1eb7c t\u00ednh kh\u00e1ng khu\u1ea9n v\u00e0 ch\u1ed1ng th\u1ea5m n\u01b0\u1edbc t\u1ef1 nhi\u00ean, l\u00e0m cho \u0111\u1ed3 n\u1ed9i th\u1ea5t b\u1eb1ng tre ph\u00f9 h\u1ee3p v\u1edbi ng\u01b0\u1eddi c\u1eafm tr\u1ea1i tr\u00ean xe t\u1ea3i.<\/p>\n\t\t<\/div>\n\t\t\n\t\t<a class=\"elementor-post__read-more\" href=\"https:\/\/www.plankboo.com\/vi\/2024\/09\/02\/__trashed\/\" aria-label=\"Read more about Folding Bamboo Lagun Tabletops For Vans &#038; Rvs\" tabindex=\"-1\" >\n\t\t\t\u0110\u1ecdc th\u00eam &quot;\t\t<\/a>\n\n\t\t\t\t<\/div>\n\t\t\t\t<\/article>\n\t\t\t\t<article class=\"elementor-post elementor-grid-item post-1922 post type-post status-publish format-standard has-post-thumbnail hentry category-products\" role=\"listitem\">\n\t\t\t\t<a class=\"elementor-post__thumbnail__link\" href=\"https:\/\/www.plankboo.com\/vi\/2023\/11\/21\/newly-launched-high-density-bamboo-veneer-sheets\/\" tabindex=\"-1\" >\n\t\t\t<div class=\"elementor-post__thumbnail\"><img decoding=\"async\" width=\"300\" height=\"200\" src=\"https:\/\/www.plankboo.com\/wp-content\/uploads\/2023\/11\/newly_launched_high_density_bamboo_veneer_sheets_cover-300x200.jpg\" class=\"attachment-medium size-medium wp-image-1960\" alt=\"\" srcset=\"https:\/\/www.plankboo.com\/wp-content\/uploads\/2023\/11\/newly_launched_high_density_bamboo_veneer_sheets_cover-300x200.jpg 300w, https:\/\/www.plankboo.com\/wp-content\/uploads\/2023\/11\/newly_launched_high_density_bamboo_veneer_sheets_cover-18x12.jpg 18w, https:\/\/www.plankboo.com\/wp-content\/uploads\/2023\/11\/newly_launched_high_density_bamboo_veneer_sheets_cover.jpg 600w\" sizes=\"(max-width: 300px) 100vw, 300px\" \/><\/div>\n\t\t<\/a>\n\t\t\t\t<div class=\"elementor-post__text\">\n\t\t\t\t<h3 class=\"elementor-post__title\">\n\t\t\t<a href=\"https:\/\/www.plankboo.com\/vi\/2023\/11\/21\/newly-launched-high-density-bamboo-veneer-sheets\/\" >\n\t\t\t\tVeneers linh ho\u1ea1t b\u1eb1ng tre m\u1eadt \u0111\u1ed9 cao m\u1edbi ra m\u1eaft\t\t\t<\/a>\n\t\t<\/h3>\n\t\t\t\t<div class=\"elementor-post__meta-data\">\n\t\t\t\t\t<span class=\"elementor-post-date\">\n\t\t\tTh\u00e1ng M\u01b0\u1eddi M\u1ed9t 21, 2023\t\t<\/span>\n\t\t\t\t<\/div>\n\t\t\t\t<div class=\"elementor-post__excerpt\">\n\t\t\t<p>V\u00e1n l\u1ea1ng tre linh ho\u1ea1t m\u1eadt \u0111\u1ed9 cao m\u1edbi ra m\u1eaft Plankboo chuy\u00ean ch\u1ebf t\u1ea1o c\u00e1c t\u1ea5m veneer tre d\u1ec7t m\u1eadt \u0111\u1ed9 cao\/s\u1ee3i. C\u00e1c s\u1ea3n ph\u1ea9m c\u1ee7a ch\u00fang t\u00f4i kh\u00f4ng ch\u1ec9 bao g\u1ed3m m\u00e0u cacbon h\u00f3a v\u00e0 m\u00e0u h\u1ed5 m\u00e0 c\u00f2n c\u1ea3 m\u00e0u s\u00e2m panh. \u0110\u1ec3 ph\u1ee5c v\u1ee5 cho c\u00e1c \u1ee9ng d\u1ee5ng \u0111a d\u1ea1ng, ch\u00fang t\u00f4i cung c\u1ea5p c\u00e1c t\u00f9y ch\u1ecdn t\u00f9y ch\u1ec9nh cho \u0111\u1ed9 d\u00e0y<\/p>\n\t\t<\/div>\n\t\t\n\t\t<a class=\"elementor-post__read-more\" href=\"https:\/\/www.plankboo.com\/vi\/2023\/11\/21\/newly-launched-high-density-bamboo-veneer-sheets\/\" aria-label=\"Read more about Newly Launched High-density Bamboo Flexible Veneers\" tabindex=\"-1\" >\n\t\t\t\u0110\u1ecdc th\u00eam &quot;\t\t<\/a>\n\n\t\t\t\t<\/div>\n\t\t\t\t<\/article>\n\t\t\t\t<article class=\"elementor-post elementor-grid-item post-1798 post type-post status-publish format-standard has-post-thumbnail hentry category-products\" role=\"listitem\">\n\t\t\t\t<a class=\"elementor-post__thumbnail__link\" href=\"https:\/\/www.plankboo.com\/vi\/2023\/05\/29\/the-benefits-of-bamboo-veneer\/\" tabindex=\"-1\" >\n\t\t\t<div class=\"elementor-post__thumbnail\"><img loading=\"lazy\" decoding=\"async\" width=\"300\" height=\"200\" src=\"https:\/\/www.plankboo.com\/wp-content\/uploads\/2023\/05\/the_benefit_of_bamboo_veneer_feature_imag-300x200.jpg\" class=\"attachment-medium size-medium wp-image-1809\" alt=\"\" srcset=\"https:\/\/www.plankboo.com\/wp-content\/uploads\/2023\/05\/the_benefit_of_bamboo_veneer_feature_imag-300x200.jpg 300w, https:\/\/www.plankboo.com\/wp-content\/uploads\/2023\/05\/the_benefit_of_bamboo_veneer_feature_imag-18x12.jpg 18w, https:\/\/www.plankboo.com\/wp-content\/uploads\/2023\/05\/the_benefit_of_bamboo_veneer_feature_imag.jpg 600w\" sizes=\"(max-width: 300px) 100vw, 300px\" \/><\/div>\n\t\t<\/a>\n\t\t\t\t<div class=\"elementor-post__text\">\n\t\t\t\t<h3 class=\"elementor-post__title\">\n\t\t\t<a href=\"https:\/\/www.plankboo.com\/vi\/2023\/05\/29\/the-benefits-of-bamboo-veneer\/\" >\n\t\t\t\tL\u1ee3i \u00edch c\u1ee7a v\u00e1n \u00e9p tre\t\t\t<\/a>\n\t\t<\/h3>\n\t\t\t\t<div class=\"elementor-post__meta-data\">\n\t\t\t\t\t<span class=\"elementor-post-date\">\n\t\t\tTh\u00e1ng 5 29, 2023\t\t<\/span>\n\t\t\t\t<\/div>\n\t\t\t\t<div class=\"elementor-post__excerpt\">\n\t\t\t<p>L\u1ee3i \u00edch c\u1ee7a veneer tre Veneer tre l\u00e0 m\u1ed9t l\u1edbp tre m\u1ecfng \u0111\u01b0\u1ee3c s\u1eed d\u1ee5ng \u0111\u1ec3 che ph\u1ee7 v\u00e0 trang tr\u00ed \u0111\u1ed3 n\u1ed9i th\u1ea5t, t\u1ee7 v\u00e0 c\u00e1c b\u1ec1 m\u1eb7t kh\u00e1c. D\u01b0\u1edbi \u0111\u00e2y l\u00e0 m\u1ed9t s\u1ed1 l\u1ee3i \u00edch c\u1ee7a vi\u1ec7c s\u1eed d\u1ee5ng veneer tre: 1. Th\u00e2n thi\u1ec7n v\u1edbi m\u00f4i tr\u01b0\u1eddng: Tre l\u00e0 m\u1ed9t trong nh\u1eefng<\/p>\n\t\t<\/div>\n\t\t\n\t\t<a class=\"elementor-post__read-more\" href=\"https:\/\/www.plankboo.com\/vi\/2023\/05\/29\/the-benefits-of-bamboo-veneer\/\" aria-label=\"\u0110\u1ecdc th\u00eam v\u1ec1 L\u1ee3i \u00edch c\u1ee7a Veneer tre\" tabindex=\"-1\" >\n\t\t\t\u0110\u1ecdc th\u00eam &quot;\t\t<\/a>\n\n\t\t\t\t<\/div>\n\t\t\t\t<\/article>\n\t\t\t\t<\/div>\n\t\t\n\t\t\t\t\t\t<\/div>\n\t\t\t\t<\/div>\n\t\t\t\t\t<\/div>\n\t\t<\/div>\n\t\t\t\t<div class=\"elementor-column elementor-col-33 elementor-top-column elementor-element elementor-element-6856569\" data-id=\"6856569\" data-element_type=\"column\" data-e-type=\"column\">\n\t\t\t<div class=\"elementor-widget-wrap elementor-element-populated\">\n\t\t\t\t\t\t<div class=\"elementor-element elementor-element-fd55c33 elementor-widget elementor-widget-sidebar\" data-id=\"fd55c33\" data-element_type=\"widget\" data-e-type=\"widget\" data-widget_type=\"sidebar.default\">\n\t\t\t\t<div class=\"elementor-widget-container\">\n\t\t\t\t\t<aside id=\"search-2\" class=\"widget inner-padding widget_search\"><form method=\"get\" class=\"search-form\" action=\"https:\/\/www.plankboo.com\/vi\/\" data-trp-original-action=\"https:\/\/www.plankboo.com\/vi\/\">\n\t<label>\n\t\t<span class=\"screen-reader-text\">T\u00ecm ki\u1ebfm cho:<\/span>\n\t\t<input type=\"search\" class=\"search-field\" placeholder=\"T\u00ecm ki\u1ebfm \u2026\" value=\"\" name=\"s\" title=\"T\u00ecm ki\u1ebfm cho:\">\n\t<\/label>\n\t<button class=\"search-submit\" aria-label=\"T\u00ecm ki\u1ebfm\"><span class=\"gp-icon icon-search\"><svg viewbox=\"0 0 512 512\" aria-hidden=\"true\" xmlns=\"http:\/\/www.w3.org\/2000\/svg\" width=\"1em\" height=\"1em\"><path fill-rule=\"evenodd\" clip-rule=\"evenodd\" d=\"M208 48c-88.366 0-160 71.634-160 160s71.634 160 160 160 160-71.634 160-160S296.366 48 208 48zM0 208C0 93.125 93.125 0 208 0s208 93.125 208 208c0 48.741-16.765 93.566-44.843 129.024l133.826 134.018c9.366 9.379 9.355 24.575-.025 33.941-9.379 9.366-24.575 9.355-33.941-.025L337.238 370.987C301.747 399.167 256.839 416 208 416 93.125 416 0 322.875 0 208z\" \/><\/svg><\/span><\/button><input type=\"hidden\" name=\"trp-form-language\" value=\"vi\"\/><\/form>\n<\/aside>\n\t\t<aside id=\"recent-posts-2\" class=\"widget inner-padding widget_recent_entries\">\n\t\t<h2 class=\"widget-title\">B\u00e0i vi\u1ebft m\u1edbi<\/h2>\n\t\t<ul>\n\t\t\t\t\t\t\t\t\t\t\t<li>\n\t\t\t\t\t<a href=\"https:\/\/www.plankboo.com\/vi\/2025\/03\/14\/the-advantages-of-bamboo-truck-trailer-decking\/\">\u01afu \u0111i\u1ec3m c\u1ee7a s\u00e0n xe k\u00e9o b\u1eb1ng tre<\/a>\n\t\t\t\t\t\t\t\t\t<\/li>\n\t\t\t\t\t\t\t\t\t\t\t<li>\n\t\t\t\t\t<a href=\"https:\/\/www.plankboo.com\/vi\/2024\/09\/02\/__trashed\/\">M\u1eb7t b\u00e0n g\u1ea5p b\u1eb1ng tre Lagun cho xe t\u1ea3i v\u00e0 xe RV<\/a>\n\t\t\t\t\t\t\t\t\t<\/li>\n\t\t\t\t\t\t\t\t\t\t\t<li>\n\t\t\t\t\t<a href=\"https:\/\/www.plankboo.com\/vi\/2023\/11\/21\/newly-launched-high-density-bamboo-veneer-sheets\/\">Veneers linh ho\u1ea1t b\u1eb1ng tre m\u1eadt \u0111\u1ed9 cao m\u1edbi ra m\u1eaft<\/a>\n\t\t\t\t\t\t\t\t\t<\/li>\n\t\t\t\t\t\t\t\t\t\t\t<li>\n\t\t\t\t\t<a href=\"https:\/\/www.plankboo.com\/vi\/2023\/05\/29\/the-benefits-of-bamboo-veneer\/\">L\u1ee3i \u00edch c\u1ee7a v\u00e1n \u00e9p tre<\/a>\n\t\t\t\t\t\t\t\t\t<\/li>\n\t\t\t\t\t<\/ul>\n\n\t\t<\/aside><aside id=\"categories-2\" class=\"widget inner-padding widget_categories\"><h2 class=\"widget-title\">Danh m\u1ee5c<\/h2>\n\t\t\t<ul>\n\t\t\t\t\t<li class=\"cat-item cat-item-1\"><a href=\"https:\/\/www.plankboo.com\/vi\/category\/products\/\">C\u00e1c s\u1ea3n ph\u1ea9m<\/a>\n<\/li>\n\t\t\t<\/ul>\n\n\t\t\t<\/aside>\t\t\t\t<\/div>\n\t\t\t\t<\/div>\n\t\t\t\t\t<\/div>\n\t\t<\/div>\n\t\t\t\t\t<\/div>\n\t\t<\/section>\n\t\t\t\t<\/div>","protected":false},"excerpt":{"rendered":"","protected":false},"author":1,"featured_media":0,"parent":0,"menu_order":0,"comment_status":"closed","ping_status":"closed","template":"","meta":{"_acf_changed":false,"footnotes":""},"class_list":["post-1796","page","type-page","status-publish","hentry"],"acf":[],"_links":{"self":[{"href":"https:\/\/www.plankboo.com\/vi\/wp-json\/wp\/v2\/pages\/1796","targetHints":{"allow":["GET"]}}],"collection":[{"href":"https:\/\/www.plankboo.com\/vi\/wp-json\/wp\/v2\/pages"}],"about":[{"href":"https:\/\/www.plankboo.com\/vi\/wp-json\/wp\/v2\/types\/page"}],"author":[{"embeddable":true,"href":"https:\/\/www.plankboo.com\/vi\/wp-json\/wp\/v2\/users\/1"}],"replies":[{"embeddable":true,"href":"https:\/\/www.plankboo.com\/vi\/wp-json\/wp\/v2\/comments?post=1796"}],"version-history":[{"count":4,"href":"https:\/\/www.plankboo.com\/vi\/wp-json\/wp\/v2\/pages\/1796\/revisions"}],"predecessor-version":[{"id":1812,"href":"https:\/\/www.plankboo.com\/vi\/wp-json\/wp\/v2\/pages\/1796\/revisions\/1812"}],"wp:attachment":[{"href":"https:\/\/www.plankboo.com\/vi\/wp-json\/wp\/v2\/media?parent=1796"}],"curies":[{"name":"wp","href":"https:\/\/api.w.org\/{rel}","templated":true}]}}